{"id":938,"date":"2017-10-17T11:13:11","date_gmt":"2017-10-17T09:13:11","guid":{"rendered":"https:\/\/www.bruettelenbad.ch\/bruettelenbad\/?page_id=938"},"modified":"2025-08-20T16:21:41","modified_gmt":"2025-08-20T14:21:41","slug":"publikationen","status":"publish","type":"page","link":"https:\/\/beta.bruettelenbad.ch\/ed\/organisation\/publikationen\/","title":{"rendered":"Informa\u00b7tionen &#038; Zei\u00b7tungen"},"content":{"rendered":"<p class=\"qtranxs-available-languages-message qtranxs-available-languages-message-ed\">Diesen Eintrag gibt es nur in normaler Sprache.<\/p><p><strong>Ausgew\u00e4hlte Publikationen.<\/strong><\/p>\n<p><strong>Jahresberichte der Stiftung Br\u00fcttelenbad<\/strong><\/p>\n<ul>\n<li>Jahresbericht der Stiftung Br\u00fcttelenbad 2016 (PDF)<\/li>\n<li><a href=\"https:\/\/www.bruettelenbad.ch\/bruettelenbad\/wp-content\/uploads\/2017\/10\/Jahresbericht-Stiftung-Br\u00fcttelenbad-2015.pdf\" target=\"_blank\" rel=\"noopener noreferrer\">Jahresbericht Stiftung Br\u00fcttelenbad 2015<\/a> (PDF)<\/li>\n<li><a href=\"https:\/\/www.bruettelenbad.ch\/bruettelenbad\/wp-content\/uploads\/2017\/10\/Jahresbericht-Stiftung-Br\u00fcttelenbad-2014.pdf\" target=\"_blank\" rel=\"noopener noreferrer\">Jahresbericht Stiftung Br\u00fcttelenbad 2014<\/a> (PDF)<\/li>\n<\/ul>\n<p>&nbsp;<\/p>\n<p><strong>Weitere Informationen<\/strong><\/p>\n<ul>\n<li><a href=\"https:\/\/www.bruettelenbad.ch\/bruettelenbad\/wp-content\/uploads\/2017\/10\/Behindertenbericht-2016.pdf\">Informationen zur Subjektfinanzierung und VIBE<\/a>, Behindertenbericht 2016 (PDF)<\/li>\n<li><a href=\"https:\/\/www.bruettelenbad.ch\/bruettelenbad\/wp-content\/uploads\/2017\/10\/Behindertenkonzept_GEF-2015.pdf\">Behindertenkonzept Informationen GEF<\/a>, 23.11.2015. (PDF)<\/li>\n<li><a href=\"https:\/\/www.bruettelenbad.ch\/bruettelenbad\/wp-content\/uploads\/2017\/10\/uno-konvention.pdf\">UNO Behindertenrechtskonvention<\/a>. (PDF)<\/li>\n<li><a href=\"https:\/\/www.bruettelenbad.ch\/bruettelenbad\/wp-content\/uploads\/2017\/10\/2016_Flyer_Behindertenkonzept.pdf\">Eigenverantwortung, Selbstbestimmung, Soziale Teilhabe<\/a>. Die neue Behindertenpolitik im Kanton Bern. (PDF)<\/li>\n<li><a href=\"https:\/\/www.bruettelenbad.ch\/bruettelenbad\/wp-content\/uploads\/2017\/10\/IndiBe_Bedarfsabkl\u00e4rung_Pilot_II.pdf\">IndiBe_Bedarfsabkl\u00e4rung Pilot<\/a> (PDF)<\/li>\n<\/ul>\n<p><\/p>","protected":false},"excerpt":{"rendered":"<p>Diesen Eintrag gibt es nur in normaler Sprache.Ausgew\u00e4hlte Publikationen. Jahresberichte der Stiftung Br\u00fcttelenbad Jahresbericht der Stiftung Br\u00fcttelenbad 2016 (PDF) Jahresbericht Stiftung Br\u00fcttelenbad 2015 (PDF) Jahresbericht Stiftung Br\u00fcttelenbad 2014 (PDF) &nbsp; Weitere Informationen Informationen zur Subjektfinanzierung und VIBE, Behindertenbericht 2016 (PDF) Behindertenkonzept Informationen GEF, 23.11.2015. (PDF) UNO Behindertenrechtskonvention. (PDF) Eigenverantwortung, Selbstbestimmung, Soziale Teilhabe. Die neue Behindertenpolitik [&hellip;]<\/p>\n","protected":false},"author":8,"featured_media":0,"parent":1057,"menu_order":0,"comment_status":"closed","ping_status":"closed","template":"page-templates\/page-blocks.php","meta":{"footnotes":""},"class_list":["post-938","page","type-page","status-publish","hentry"],"acf":[],"_links":{"self":[{"href":"https:\/\/beta.bruettelenbad.ch\/ed\/wp-json\/wp\/v2\/pages\/938","targetHints":{"allow":["GET"]}}],"collection":[{"href":"https:\/\/beta.bruettelenbad.ch\/ed\/wp-json\/wp\/v2\/pages"}],"about":[{"href":"https:\/\/beta.bruettelenbad.ch\/ed\/wp-json\/wp\/v2\/types\/page"}],"author":[{"embeddable":true,"href":"https:\/\/beta.bruettelenbad.ch\/ed\/wp-json\/wp\/v2\/users\/8"}],"replies":[{"embeddable":true,"href":"https:\/\/beta.bruettelenbad.ch\/ed\/wp-json\/wp\/v2\/comments?post=938"}],"version-history":[{"count":4,"href":"https:\/\/beta.bruettelenbad.ch\/ed\/wp-json\/wp\/v2\/pages\/938\/revisions"}],"predecessor-version":[{"id":7160,"href":"https:\/\/beta.bruettelenbad.ch\/ed\/wp-json\/wp\/v2\/pages\/938\/revisions\/7160"}],"up":[{"embeddable":true,"href":"https:\/\/beta.bruettelenbad.ch\/ed\/wp-json\/wp\/v2\/pages\/1057"}],"wp:attachment":[{"href":"https:\/\/beta.bruettelenbad.ch\/ed\/wp-json\/wp\/v2\/media?parent=938"}],"curies":[{"name":"wp","href":"https:\/\/api.w.org\/{rel}","templated":true}]}}