{"id":923,"date":"2017-10-17T11:04:33","date_gmt":"2017-10-17T09:04:33","guid":{"rendered":"https:\/\/www.bruettelenbad.ch\/bruettelenbad\/?page_id=923"},"modified":"2023-07-04T11:08:18","modified_gmt":"2023-07-04T09:08:18","slug":"pflegedienst","status":"publish","type":"page","link":"https:\/\/beta.bruettelenbad.ch\/ed\/wohnen\/pflegedienst\/","title":{"rendered":"Pflege\u00b7dienst &#038; Therapien"},"content":{"rendered":"<p class=\"qtranxs-available-languages-message qtranxs-available-languages-message-ed\">Diesen Eintrag gibt es nur in normaler Sprache.<\/p><p>Die Bewohnerinnen und Bewohner haben Zugang zu professioneller Pflege, welche ihre Gesundheit f\u00f6rdert und ihr Wohlbefinden unterst\u00fctzt. Der Pflegedienst stellt die Zusammenarbeit mit \u00c4rzten und weiteren externen Fachpersonen sicher.<\/p>\n<p>Unser Therapieangebot: Musik, Rhythmik, Physiotherapie\/Massage, Ergotherapie, begleitetes Malen und heilp\u00e4dagogisches Reiten.<img loading=\"lazy\" decoding=\"async\" class=\"alignnone size-medium wp-image-572\" src=\"https:\/\/www.bruettelenbad.ch\/bruettelenbad\/wp-content\/uploads\/2017\/01\/Pflegedienst-Symbol_web-500x248.png\" alt=\"\" width=\"500\" height=\"248\" \/><\/p>","protected":false},"excerpt":{"rendered":"<p>Diesen Eintrag gibt es nur in normaler Sprache.Die Bewohnerinnen und Bewohner haben Zugang zu professioneller Pflege, welche ihre Gesundheit f\u00f6rdert und ihr Wohlbefinden unterst\u00fctzt. Der Pflegedienst stellt die Zusammenarbeit mit \u00c4rzten und weiteren externen Fachpersonen sicher. Unser Therapieangebot: Musik, Rhythmik, Physiotherapie\/Massage, Ergotherapie, begleitetes Malen und heilp\u00e4dagogisches Reiten.<\/p>\n","protected":false},"author":8,"featured_media":0,"parent":259,"menu_order":0,"comment_status":"closed","ping_status":"closed","template":"page-templates\/page-blocks.php","meta":{"footnotes":""},"class_list":["post-923","page","type-page","status-publish","hentry"],"acf":[],"_links":{"self":[{"href":"https:\/\/beta.bruettelenbad.ch\/ed\/wp-json\/wp\/v2\/pages\/923","targetHints":{"allow":["GET"]}}],"collection":[{"href":"https:\/\/beta.bruettelenbad.ch\/ed\/wp-json\/wp\/v2\/pages"}],"about":[{"href":"https:\/\/beta.bruettelenbad.ch\/ed\/wp-json\/wp\/v2\/types\/page"}],"author":[{"embeddable":true,"href":"https:\/\/beta.bruettelenbad.ch\/ed\/wp-json\/wp\/v2\/users\/8"}],"replies":[{"embeddable":true,"href":"https:\/\/beta.bruettelenbad.ch\/ed\/wp-json\/wp\/v2\/comments?post=923"}],"version-history":[{"count":3,"href":"https:\/\/beta.bruettelenbad.ch\/ed\/wp-json\/wp\/v2\/pages\/923\/revisions"}],"predecessor-version":[{"id":6081,"href":"https:\/\/beta.bruettelenbad.ch\/ed\/wp-json\/wp\/v2\/pages\/923\/revisions\/6081"}],"up":[{"embeddable":true,"href":"https:\/\/beta.bruettelenbad.ch\/ed\/wp-json\/wp\/v2\/pages\/259"}],"wp:attachment":[{"href":"https:\/\/beta.bruettelenbad.ch\/ed\/wp-json\/wp\/v2\/media?parent=923"}],"curies":[{"name":"wp","href":"https:\/\/api.w.org\/{rel}","templated":true}]}}