{"id":7126,"date":"2025-08-19T16:02:59","date_gmt":"2025-08-19T14:02:59","guid":{"rendered":"https:\/\/beta.bruettelenbad.ch\/?page_id=7126"},"modified":"2025-08-19T16:03:54","modified_gmt":"2025-08-19T14:03:54","slug":"mitarbeiterin-hauswirtschaft-80","status":"publish","type":"page","link":"https:\/\/beta.bruettelenbad.ch\/ed\/stellen-2\/mitarbeiterin-hauswirtschaft-80\/","title":{"rendered":"Mitarbeiter:in Hauswirtschaft 80%"},"content":{"rendered":"<p class=\"qtranxs-available-languages-message qtranxs-available-languages-message-ed\">Diesen Eintrag gibt es nur in normaler Sprache.<\/p><p>Die Stiftung Br\u00fcttelenbad bietet betreute Wohn- und Arbeitspl\u00e4tze an f\u00fcr rund 60 Menschen mit kognitiven und mehrfachen Beeintr\u00e4chtigungen. 100 Fachpersonen k\u00fcmmern sich um ihr Wohl mit dem Ziel ihnen Lebensfreude und Geborgenheit in der Gemeinschaft zu erm\u00f6glichen.<\/p>\n<p>Liebst Du den Umgang mit Menschen und m\u00f6chtest beitragen zur Lebensqualit\u00e4t der Klient:innen des Br\u00fcttelenbads?<\/p>\n<p>F\u00fcr unser Team Hauswirtschaft suchen wir per September oder nach Vereinbarung eine\/n<\/p>\n<p><strong>Mitarbeiter:in Hauswirtschaft 80%<\/strong><\/p>\n<p>Das machst Du:<\/p>\n<ul>\n<li>Reinigung der Wohngruppen und allgemeinen R\u00e4umlichkeiten<\/li>\n<li>Aufbereitung der Betriebs- und Bewohnerw\u00e4sche<\/li>\n<li>Unterst\u00fctzung und Betreuung von 2-4 Klient:innen bei ihrer t\u00e4glichen Arbeit<\/li>\n<li>Durchf\u00fchrung von Bezugspersonenarbeit<\/li>\n<li>Mitwirkung bei Veranstaltungen<\/li>\n<\/ul>\n<p>Das bringst Du mit:<\/p>\n<ul>\n<li>Abgeschlossene Ausbildung als Fachperson Hauswirtschaft EFZ oder vergleichbare berufliche Qualifikation<\/li>\n<li>Erfahrung in der Betreuung beeintr\u00e4chtigter Personen<\/li>\n<li>Dienstleistungs- und teamorientierte Pers\u00f6nlichkeit mit ausgepr\u00e4gter Empathie und Geduld<\/li>\n<li>Gute Deutschkenntnisse in Wort und Schrift<\/li>\n<li>Sicherer Umgang mit EDV-Anwendungen (Word, Excel, Outlook)<\/li>\n<\/ul>\n<p>Das bieten wir Dir:<\/p>\n<ul>\n<li>Grosse Selbstst\u00e4ndigkeit mit spannenden und vielf\u00e4ltigen Aufgaben<\/li>\n<li>Gr\u00fcndliche Einarbeitung und Unterst\u00fctzung<\/li>\n<li>Attraktive Anstellungsbedingungen in Anlehnung an die kantonalen Richtlinien<\/li>\n<li>Festgelegte Arbeitszeiten tags\u00fcber von Montag bis Freitag<\/li>\n<li>5 Wochen Ferien pro Jahr<\/li>\n<\/ul>\n<p>Wir setzen uns jeden Tag mit Begeisterung und Leidenschaft f\u00fcr die Lebensqualit\u00e4t und Zufriedenheit der Klient:innen ein. M\u00f6chtest Du diese Herausforderung annehmen und Teil eines engagierten Teams werden, das grossen Wert auf gegenseitige Unterst\u00fctzung, respektvollen Umgang und eine gute Portion Humor legt? Dann freuen wir uns darauf, Dich kennenzulernen!<\/p>\n<h5>Schnellbewerbung:<\/h5>\n\n<div class=\"wpcf7 no-js\" id=\"wpcf7-f6576-o1\" lang=\"de-DE\" dir=\"ltr\" data-wpcf7-id=\"6576\">\n<div class=\"screen-reader-response\"><p role=\"status\" aria-live=\"polite\" aria-atomic=\"true\"><\/p> <ul><\/ul><\/div>\n<form action=\"\/ed\/wp-json\/wp\/v2\/pages\/7126#wpcf7-f6576-o1\" method=\"post\" class=\"wpcf7-form init\" aria-label=\"Kontaktformular\" novalidate=\"novalidate\" data-status=\"init\">\n<fieldset class=\"hidden-fields-container\"><input type=\"hidden\" name=\"_wpcf7\" value=\"6576\" \/><input type=\"hidden\" name=\"_wpcf7_version\" value=\"6.1.1\" \/><input type=\"hidden\" name=\"_wpcf7_locale\" value=\"de_DE\" \/><input type=\"hidden\" name=\"_wpcf7_unit_tag\" value=\"wpcf7-f6576-o1\" \/><input type=\"hidden\" name=\"_wpcf7_container_post\" value=\"0\" \/><input type=\"hidden\" name=\"_wpcf7_posted_data_hash\" value=\"\" \/>\n<\/fieldset>\n<div class=\"input-wrapper\">\n<div id=\"scroll-to-form\"><\/div>\n<span class=\"wpcf7-form-control-wrap\" data-name=\"stelle-name\"><input size=\"40\" maxlength=\"400\" class=\"wpcf7-form-control wpcf7-text wpcf7-validates-as-required\" aria-required=\"true\" aria-invalid=\"false\" placeholder=\"Vollst\u00e4ndiger Name\" value=\"\" type=\"text\" name=\"stelle-name\" \/><\/span>\n\n<span class=\"wpcf7-form-control-wrap\" data-name=\"stelle-email\"><input size=\"40\" maxlength=\"400\" class=\"wpcf7-form-control wpcf7-email wpcf7-validates-as-required wpcf7-text wpcf7-validates-as-email\" aria-required=\"true\" aria-invalid=\"false\" placeholder=\"E-Mail Adresse\" value=\"\" type=\"email\" name=\"stelle-email\" \/><\/span>\n\n<span class=\"wpcf7-form-control-wrap\" data-name=\"stelle-telefon\"><input size=\"40\" maxlength=\"400\" class=\"wpcf7-form-control wpcf7-tel wpcf7-text wpcf7-validates-as-tel\" aria-invalid=\"false\" placeholder=\"Telefonnummer\" value=\"\" type=\"tel\" name=\"stelle-telefon\" \/><\/span>\n\n<span class=\"wpcf7-form-control-wrap\" data-name=\"stellen-form\"><input size=\"40\" maxlength=\"400\" class=\"wpcf7-form-control wpcf7-text stellen-form\" aria-invalid=\"false\" value=\"\" type=\"text\" name=\"stellen-form\" \/><\/span>\n\n\n<input class=\"wpcf7-form-control wpcf7-submit has-spinner\" type=\"submit\" value=\"Senden\" \/>\n<\/div><div class=\"wpcf7-response-output\" aria-hidden=\"true\"><\/div>\n<\/form>\n<\/div>\n\n<p>F\u00fcr weitere Ausk\u00fcnfte melde Dich gerne unter 032 321 38 00<\/p>\n<p>Deine vollst\u00e4ndigen Bewerbungsunterlagen sende bitte an: <a href=\"m&#97;&#105;&#x6c;&#x74;o:&#112;&#101;&#x72;&#x73;on&#97;&#108;&#x40;&#x62;ru&#101;&#x74;&#x74;&#x65;l&#101;&#110;&#x62;&#x61;&#x64;&#46;&#99;&#104;\">&#x70;&#x65;&#x72;&#115;&#111;na&#x6c;&#x40;&#x62;&#114;&#117;et&#x74;&#x65;&#x6c;&#101;&#110;ba&#x64;&#x2e;&#x63;&#104;<\/a><\/p>","protected":false},"excerpt":{"rendered":"<p>Diesen Eintrag gibt es nur in normaler Sprache.Die Stiftung Br\u00fcttelenbad bietet betreute Wohn- und Arbeitspl\u00e4tze an f\u00fcr rund 60 Menschen mit kognitiven und mehrfachen Beeintr\u00e4chtigungen. 100 Fachpersonen k\u00fcmmern sich um ihr Wohl mit dem Ziel ihnen Lebensfreude und Geborgenheit in der Gemeinschaft zu erm\u00f6glichen. Liebst Du den Umgang mit Menschen und m\u00f6chtest beitragen zur Lebensqualit\u00e4t [&hellip;]<\/p>\n","protected":false},"author":6,"featured_media":0,"parent":1011,"menu_order":0,"comment_status":"closed","ping_status":"closed","template":"","meta":{"footnotes":""},"class_list":["post-7126","page","type-page","status-publish","hentry"],"acf":[],"_links":{"self":[{"href":"https:\/\/beta.bruettelenbad.ch\/ed\/wp-json\/wp\/v2\/pages\/7126","targetHints":{"allow":["GET"]}}],"collection":[{"href":"https:\/\/beta.bruettelenbad.ch\/ed\/wp-json\/wp\/v2\/pages"}],"about":[{"href":"https:\/\/beta.bruettelenbad.ch\/ed\/wp-json\/wp\/v2\/types\/page"}],"author":[{"embeddable":true,"href":"https:\/\/beta.bruettelenbad.ch\/ed\/wp-json\/wp\/v2\/users\/6"}],"replies":[{"embeddable":true,"href":"https:\/\/beta.bruettelenbad.ch\/ed\/wp-json\/wp\/v2\/comments?post=7126"}],"version-history":[{"count":2,"href":"https:\/\/beta.bruettelenbad.ch\/ed\/wp-json\/wp\/v2\/pages\/7126\/revisions"}],"predecessor-version":[{"id":7128,"href":"https:\/\/beta.bruettelenbad.ch\/ed\/wp-json\/wp\/v2\/pages\/7126\/revisions\/7128"}],"up":[{"embeddable":true,"href":"https:\/\/beta.bruettelenbad.ch\/ed\/wp-json\/wp\/v2\/pages\/1011"}],"wp:attachment":[{"href":"https:\/\/beta.bruettelenbad.ch\/ed\/wp-json\/wp\/v2\/media?parent=7126"}],"curies":[{"name":"wp","href":"https:\/\/api.w.org\/{rel}","templated":true}]}}