{"id":7119,"date":"2025-08-19T14:48:00","date_gmt":"2025-08-19T12:48:00","guid":{"rendered":"https:\/\/beta.bruettelenbad.ch\/?page_id=7119"},"modified":"2025-08-19T14:49:01","modified_gmt":"2025-08-19T12:49:01","slug":"sozialpaedagogin-sozialpaedagoge-oder-fachperson-betreuung-40","status":"publish","type":"page","link":"https:\/\/beta.bruettelenbad.ch\/ed\/stellen-2\/sozialpaedagogin-sozialpaedagoge-oder-fachperson-betreuung-40\/","title":{"rendered":"Sozialp\u00e4dagogin\/Sozialp\u00e4dagoge oder Fachperson Betreuung 40%"},"content":{"rendered":"<p class=\"qtranxs-available-languages-message qtranxs-available-languages-message-ed\">Diesen Eintrag gibt es nur in normaler Sprache.<\/p><p>Die Stiftung Br\u00fcttelenbad bietet betreute Wohn- und Arbeitspl\u00e4tze an f\u00fcr rund 60 Menschen mit kognitiven und mehrfachen Beeintr\u00e4chtigungen. 100 Fachpersonen k\u00fcmmern sich um ihr Wohl mit dem Ziel ihnen Lebensfreude und Geborgenheit in der Gemeinschaft zu erm\u00f6glichen.<\/p>\n<p>Liebst Du den Umgang mit Menschen und m\u00f6chtest beitragen zur Lebensqualit\u00e4t der Klient:innen des Br\u00fcttelenbads?<\/p>\n<p>Zur Verst\u00e4rkung unseres Teams der Wohngruppe Kesslergasse suchen wir per 01.11.2025 oder nach Vereinbarung eine\/n<\/p>\n<p><strong>Sozialp\u00e4dagogin\/Sozialp\u00e4dagogen oder Fachperson Betreuung 40%<\/strong><\/p>\n<p>Das machst Du:<\/p>\n<ul>\n<li>Betreuung der Klienten im Wohngruppenalltag mit agogischen, pflegerischen und administrativen Aufgaben<\/li>\n<li>Planung, Begleitung und Gestaltung von Freizeitaktivit\u00e4ten<\/li>\n<li>Erhalten und F\u00f6rdern der Eigenst\u00e4ndigkeit<\/li>\n<li>Bereitschaft zur aktiven Teamarbeit<\/li>\n<li>Bezugspersonenarbeit<\/li>\n<li>Hauswirtschaftliche Arbeiten<\/li>\n<\/ul>\n<p>Das bringst Du mit:<\/p>\n<ul>\n<li>Abgeschlossene Ausbildung als Sozialp\u00e4dagogin\/Sozialp\u00e4dagoge (HF) oder Fachfrau\/-mann Betreuung EFZ oder vergleichbare Ausbildung<\/li>\n<li>Hohe Sozialkompetenz sowie ausgepr\u00e4gte Kommunikations- und Organisationsf\u00e4higkeiten<\/li>\n<li>Flexible, belastbare und humorvolle Pers\u00f6nlichkeit mit Freude am selbst\u00e4ndigen Arbeiten (Dienste alleine)<\/li>\n<li>Freude am aktiven Mitdenken im Team<\/li>\n<li>Bereitschaft f\u00fcr unregelm\u00e4ssige Arbeitszeiten, Abend-, Nacht- und Wochenenddienste zu leisten<\/li>\n<\/ul>\n<p>Das bieten wir Dir:<\/p>\n<ul>\n<li>Abwechslungsreiche Arbeit in einem engagierten Team und fundierte Einarbeitung<\/li>\n<li>Attraktive Anstellungsbedingungen in Anlehnung an die kantonalen Richtlinien, 5 Wochen Ferien<\/li>\n<li>Keine geteilten Dienste<\/li>\n<li>Kostenloser Parkplatz sowie \u00d6V Anschluss<\/li>\n<li>Interne und externe Weiterbildungen<\/li>\n<li>Betriebliche Sozialberatung f\u00fcr das Wohlergehen der Mitarbeitenden<\/li>\n<\/ul>\n<p>&nbsp;<\/p>\n<p>Die WG Kesslergasse bietet eine reizarme und auf individuelle Bed\u00fcrfnisse angepasste Umgebung f\u00fcr 5 erwachsene Menschen mit geistiger Beeintr\u00e4chtigung und\/oder Autismus-Spektrum-St\u00f6rung sowie Assistenzleistungen bei Externen. M\u00f6chtest Du diese spannende Herausforderung annehmen? Dann freuen wir uns darauf, Dich kennen zu lernen.<\/p>\n<h5>Schnellbewerbung:<\/h5>\n\n<div class=\"wpcf7 no-js\" id=\"wpcf7-f6576-o1\" lang=\"de-DE\" dir=\"ltr\" data-wpcf7-id=\"6576\">\n<div class=\"screen-reader-response\"><p role=\"status\" aria-live=\"polite\" aria-atomic=\"true\"><\/p> <ul><\/ul><\/div>\n<form action=\"\/ed\/wp-json\/wp\/v2\/pages\/7119#wpcf7-f6576-o1\" method=\"post\" class=\"wpcf7-form init\" aria-label=\"Kontaktformular\" novalidate=\"novalidate\" data-status=\"init\">\n<fieldset class=\"hidden-fields-container\"><input type=\"hidden\" name=\"_wpcf7\" value=\"6576\" \/><input type=\"hidden\" name=\"_wpcf7_version\" value=\"6.1.1\" \/><input type=\"hidden\" name=\"_wpcf7_locale\" value=\"de_DE\" \/><input type=\"hidden\" name=\"_wpcf7_unit_tag\" value=\"wpcf7-f6576-o1\" \/><input type=\"hidden\" name=\"_wpcf7_container_post\" value=\"0\" \/><input type=\"hidden\" name=\"_wpcf7_posted_data_hash\" value=\"\" \/>\n<\/fieldset>\n<div class=\"input-wrapper\">\n<div id=\"scroll-to-form\"><\/div>\n<span class=\"wpcf7-form-control-wrap\" data-name=\"stelle-name\"><input size=\"40\" maxlength=\"400\" class=\"wpcf7-form-control wpcf7-text wpcf7-validates-as-required\" aria-required=\"true\" aria-invalid=\"false\" placeholder=\"Vollst\u00e4ndiger Name\" value=\"\" type=\"text\" name=\"stelle-name\" \/><\/span>\n\n<span class=\"wpcf7-form-control-wrap\" data-name=\"stelle-email\"><input size=\"40\" maxlength=\"400\" class=\"wpcf7-form-control wpcf7-email wpcf7-validates-as-required wpcf7-text wpcf7-validates-as-email\" aria-required=\"true\" aria-invalid=\"false\" placeholder=\"E-Mail Adresse\" value=\"\" type=\"email\" name=\"stelle-email\" \/><\/span>\n\n<span class=\"wpcf7-form-control-wrap\" data-name=\"stelle-telefon\"><input size=\"40\" maxlength=\"400\" class=\"wpcf7-form-control wpcf7-tel wpcf7-text wpcf7-validates-as-tel\" aria-invalid=\"false\" placeholder=\"Telefonnummer\" value=\"\" type=\"tel\" name=\"stelle-telefon\" \/><\/span>\n\n<span class=\"wpcf7-form-control-wrap\" data-name=\"stellen-form\"><input size=\"40\" maxlength=\"400\" class=\"wpcf7-form-control wpcf7-text stellen-form\" aria-invalid=\"false\" value=\"\" type=\"text\" name=\"stellen-form\" \/><\/span>\n\n\n<input class=\"wpcf7-form-control wpcf7-submit has-spinner\" type=\"submit\" value=\"Senden\" \/>\n<\/div><div class=\"wpcf7-response-output\" aria-hidden=\"true\"><\/div>\n<\/form>\n<\/div>\n\n<p>F\u00fcr weitere Ausk\u00fcnfte melde Dich gerne unter 032 321 38 00<\/p>\n<p>Deine vollst\u00e4ndigen Bewerbungsunterlagen sende bitte an: <a href=\"&#x6d;&#97;i&#x6c;&#116;o&#x3a;&#112;e&#x72;&#115;o&#x6e;&#97;l&#x40;&#98;r&#x75;&#101;t&#x74;&#101;l&#x65;&#110;b&#x61;&#100;&#46;&#x63;&#104;\">p&#101;&#114;&#115;&#x6f;&#x6e;&#x61;l&#64;&#98;&#114;&#x75;&#x65;&#x74;&#x74;el&#101;&#110;&#x62;&#x61;&#x64;&#x2e;c&#104;<\/a><\/p>","protected":false},"excerpt":{"rendered":"<p>Diesen Eintrag gibt es nur in normaler Sprache.Die Stiftung Br\u00fcttelenbad bietet betreute Wohn- und Arbeitspl\u00e4tze an f\u00fcr rund 60 Menschen mit kognitiven und mehrfachen Beeintr\u00e4chtigungen. 100 Fachpersonen k\u00fcmmern sich um ihr Wohl mit dem Ziel ihnen Lebensfreude und Geborgenheit in der Gemeinschaft zu erm\u00f6glichen. Liebst Du den Umgang mit Menschen und m\u00f6chtest beitragen zur Lebensqualit\u00e4t [&hellip;]<\/p>\n","protected":false},"author":6,"featured_media":0,"parent":1011,"menu_order":0,"comment_status":"closed","ping_status":"closed","template":"","meta":{"footnotes":""},"class_list":["post-7119","page","type-page","status-publish","hentry"],"acf":[],"_links":{"self":[{"href":"https:\/\/beta.bruettelenbad.ch\/ed\/wp-json\/wp\/v2\/pages\/7119","targetHints":{"allow":["GET"]}}],"collection":[{"href":"https:\/\/beta.bruettelenbad.ch\/ed\/wp-json\/wp\/v2\/pages"}],"about":[{"href":"https:\/\/beta.bruettelenbad.ch\/ed\/wp-json\/wp\/v2\/types\/page"}],"author":[{"embeddable":true,"href":"https:\/\/beta.bruettelenbad.ch\/ed\/wp-json\/wp\/v2\/users\/6"}],"replies":[{"embeddable":true,"href":"https:\/\/beta.bruettelenbad.ch\/ed\/wp-json\/wp\/v2\/comments?post=7119"}],"version-history":[{"count":2,"href":"https:\/\/beta.bruettelenbad.ch\/ed\/wp-json\/wp\/v2\/pages\/7119\/revisions"}],"predecessor-version":[{"id":7121,"href":"https:\/\/beta.bruettelenbad.ch\/ed\/wp-json\/wp\/v2\/pages\/7119\/revisions\/7121"}],"up":[{"embeddable":true,"href":"https:\/\/beta.bruettelenbad.ch\/ed\/wp-json\/wp\/v2\/pages\/1011"}],"wp:attachment":[{"href":"https:\/\/beta.bruettelenbad.ch\/ed\/wp-json\/wp\/v2\/media?parent=7119"}],"curies":[{"name":"wp","href":"https:\/\/api.w.org\/{rel}","templated":true}]}}