{"id":7104,"date":"2025-08-19T14:18:37","date_gmt":"2025-08-19T12:18:37","guid":{"rendered":"https:\/\/beta.bruettelenbad.ch\/?page_id=7104"},"modified":"2025-08-19T14:32:50","modified_gmt":"2025-08-19T12:32:50","slug":"fachperson-psychiatrie-wohnen-50-70","status":"publish","type":"page","link":"https:\/\/beta.bruettelenbad.ch\/ed\/stellen-2\/fachperson-psychiatrie-wohnen-50-70\/","title":{"rendered":"Fachperson Psychiatrie Wohnen 50% &#8211; 70%"},"content":{"rendered":"<p class=\"qtranxs-available-languages-message qtranxs-available-languages-message-ed\">Diesen Eintrag gibt es nur in normaler Sprache.<\/p><p>Die Stiftung Br\u00fcttelenbad bietet betreute Wohn- und Arbeitspl\u00e4tze an f\u00fcr rund 60 Menschen mit kognitiven und mehrfachen Beeintr\u00e4chtigungen. 100 Fachpersonen k\u00fcmmern sich um ihr Wohl mit dem Ziel ihnen Lebensfreude und Geborgenheit in der Gemeinschaft zu erm\u00f6glichen.<\/p>\n<p>Liebst Du den Umgang mit Menschen und m\u00f6chtest beitragen zur Lebensqualit\u00e4t der Bewohner:innen des Br\u00fcttelenbads?<\/p>\n<p>F\u00fcr die Aussenwohngruppe suchen wir per 01.11.2025 oder nach Vereinbarung eine<\/p>\n<p><strong>Fachperson Psychiatrie Wohnen 50% &#8211; 70% <\/strong><\/p>\n<p>Das machst Du:<\/p>\n<ul>\n<li>Einf\u00fchlsame, ganzheitliche Unterst\u00fctzung und Begleitung der Bewohner:innen, mit dem Ziel, ihnen eine optimale Lebensqualit\u00e4t und Alltagsstruktur zu erm\u00f6glichen<\/li>\n<li>Begleitung im lebenspraktischen Bereich durch agogische und pflegerische Unterst\u00fctzung und Hilfestellung<\/li>\n<li>Gestalten des Zusammenlebens und der Freizeitaktivit\u00e4ten in der Wohngemeinschaft sowie Erhalten und F\u00f6rdern der Eigenst\u00e4ndigkeit der einzelnen Bewohner:innen<\/li>\n<li>Aktive Umsetzung, Mitgestaltung und Weiterentwicklung des Angebots und der organisatorischen, administrativen sowie hauswirtschaftlichen Abl\u00e4ufe und Aufgaben<\/li>\n<li>Es besteht die M\u00f6glichkeit, die Stellvertretung der Teamleitung zu \u00fcbernehmen<\/li>\n<\/ul>\n<p>Das bringst Du mit:<\/p>\n<ul>\n<li>Pflegefachperson FH\/HF mit Erfahrung in der Betreuung oder Sozialp\u00e4dagogin FH\/HF mit Psychiatrieerfahrung zwingend<\/li>\n<li>Erfahrung und Freude in der Betreuung von Menschen mit Beeintr\u00e4chtigungen<\/li>\n<li>Bereitschaft Abend-, Nacht- und Wochenenddienste zu leisten. Du sch\u00e4tzt die Vorteile unregelm\u00e4ssiger Dienste<\/li>\n<li>L\u00f6sungsorientiert, selbst\u00e4ndig und flexibel<\/li>\n<li>Freude an der anfallenden administrativen Arbeit<\/li>\n<li>PW- Ausweis zwingend<\/li>\n<\/ul>\n<p>Das bieten wir Dir:<\/p>\n<ul>\n<li>Abwechslungsreiche Arbeit mit viel Eigenverantwortung in einem engagierten Team<\/li>\n<li>Fundierte Einarbeitung<\/li>\n<li>Individuelles Arbeitspensum<\/li>\n<li>Attraktive Anstellungsbedingungen in Anlehnung an die kantonalen Richtlinien mit 5 Wochen Ferien<\/li>\n<li>Kostenloser Parkplatz, guter \u00d6V Anschluss und N\u00e4he Bahnhof<\/li>\n<li>Interne und externe Weiterbildungen<\/li>\n<li>Betriebliche Sozialberatung f\u00fcr das Wohlergehen der Mitarbeitenden<\/li>\n<\/ul>\n<p>Es erwartet Dich ein motiviertes Team, in welchem wir grossen Wert auf gegenseitige Unterst\u00fctzung, Humor und respektvollen Umgang legen. Wir setzen uns jeden Tag mit Freude und Begeisterung f\u00fcr die Lebensqualit\u00e4t der Bewohner:innen und ihre Zufriedenheit ein.<\/p>\n<p>M\u00f6chtest Du diese Herausforderung annehmen? Dann freuen wir uns darauf, Dich kennen zu lernen.<\/p>\n<h5>Schnellbewerbung:<\/h5>\n<p>\n<div class=\"wpcf7 no-js\" id=\"wpcf7-f6576-o1\" lang=\"de-DE\" dir=\"ltr\" data-wpcf7-id=\"6576\">\n<div class=\"screen-reader-response\"><p role=\"status\" aria-live=\"polite\" aria-atomic=\"true\"><\/p> <ul><\/ul><\/div>\n<form action=\"\/ed\/wp-json\/wp\/v2\/pages\/7104#wpcf7-f6576-o1\" method=\"post\" class=\"wpcf7-form init\" aria-label=\"Kontaktformular\" novalidate=\"novalidate\" data-status=\"init\">\n<fieldset class=\"hidden-fields-container\"><input type=\"hidden\" name=\"_wpcf7\" value=\"6576\" \/><input type=\"hidden\" name=\"_wpcf7_version\" value=\"6.1.1\" \/><input type=\"hidden\" name=\"_wpcf7_locale\" value=\"de_DE\" \/><input type=\"hidden\" name=\"_wpcf7_unit_tag\" value=\"wpcf7-f6576-o1\" \/><input type=\"hidden\" name=\"_wpcf7_container_post\" value=\"0\" \/><input type=\"hidden\" name=\"_wpcf7_posted_data_hash\" value=\"\" \/>\n<\/fieldset>\n<div class=\"input-wrapper\">\n<div id=\"scroll-to-form\"><\/div>\n<span class=\"wpcf7-form-control-wrap\" data-name=\"stelle-name\"><input size=\"40\" maxlength=\"400\" class=\"wpcf7-form-control wpcf7-text wpcf7-validates-as-required\" aria-required=\"true\" aria-invalid=\"false\" placeholder=\"Vollst\u00e4ndiger Name\" value=\"\" type=\"text\" name=\"stelle-name\" \/><\/span>\n\n<span class=\"wpcf7-form-control-wrap\" data-name=\"stelle-email\"><input size=\"40\" maxlength=\"400\" class=\"wpcf7-form-control wpcf7-email wpcf7-validates-as-required wpcf7-text wpcf7-validates-as-email\" aria-required=\"true\" aria-invalid=\"false\" placeholder=\"E-Mail Adresse\" value=\"\" type=\"email\" name=\"stelle-email\" \/><\/span>\n\n<span class=\"wpcf7-form-control-wrap\" data-name=\"stelle-telefon\"><input size=\"40\" maxlength=\"400\" class=\"wpcf7-form-control wpcf7-tel wpcf7-text wpcf7-validates-as-tel\" aria-invalid=\"false\" placeholder=\"Telefonnummer\" value=\"\" type=\"tel\" name=\"stelle-telefon\" \/><\/span>\n\n<span class=\"wpcf7-form-control-wrap\" data-name=\"stellen-form\"><input size=\"40\" maxlength=\"400\" class=\"wpcf7-form-control wpcf7-text stellen-form\" aria-invalid=\"false\" value=\"\" type=\"text\" name=\"stellen-form\" \/><\/span>\n\n\n<input class=\"wpcf7-form-control wpcf7-submit has-spinner\" type=\"submit\" value=\"Senden\" \/>\n<\/div><div class=\"wpcf7-response-output\" aria-hidden=\"true\"><\/div>\n<\/form>\n<\/div>\n<\/p>\n<p>F\u00fcr weitere Ausk\u00fcnfte melde Dich gerne unter 032 321 38 00<\/p>\n<p>Deine vollst\u00e4ndigen Bewerbungsunterlagen sende bitte an: <a href=\"&#x6d;&#97;&#x69;&#108;t&#x6f;&#58;p&#x65;&#114;&#x73;&#x6f;n&#x61;&#108;&#64;&#x62;&#114;&#x75;&#x65;t&#x74;&#101;l&#x65;&#110;b&#x61;&#100;&#x2e;&#99;h\">&#x70;&#101;r&#x73;&#x6f;&#110;a&#x6c;&#x40;&#98;r&#x75;&#101;t&#x74;&#x65;&#108;e&#x6e;&#x62;&#97;d&#x2e;&#99;&#104;<\/a><\/p>","protected":false},"excerpt":{"rendered":"<p>Diesen Eintrag gibt es nur in normaler Sprache.Die Stiftung Br\u00fcttelenbad bietet betreute Wohn- und Arbeitspl\u00e4tze an f\u00fcr rund 60 Menschen mit kognitiven und mehrfachen Beeintr\u00e4chtigungen. 100 Fachpersonen k\u00fcmmern sich um ihr Wohl mit dem Ziel ihnen Lebensfreude und Geborgenheit in der Gemeinschaft zu erm\u00f6glichen. Liebst Du den Umgang mit Menschen und m\u00f6chtest beitragen zur Lebensqualit\u00e4t [&hellip;]<\/p>\n","protected":false},"author":6,"featured_media":0,"parent":1011,"menu_order":0,"comment_status":"closed","ping_status":"closed","template":"","meta":{"footnotes":""},"class_list":["post-7104","page","type-page","status-publish","hentry"],"acf":[],"_links":{"self":[{"href":"https:\/\/beta.bruettelenbad.ch\/ed\/wp-json\/wp\/v2\/pages\/7104","targetHints":{"allow":["GET"]}}],"collection":[{"href":"https:\/\/beta.bruettelenbad.ch\/ed\/wp-json\/wp\/v2\/pages"}],"about":[{"href":"https:\/\/beta.bruettelenbad.ch\/ed\/wp-json\/wp\/v2\/types\/page"}],"author":[{"embeddable":true,"href":"https:\/\/beta.bruettelenbad.ch\/ed\/wp-json\/wp\/v2\/users\/6"}],"replies":[{"embeddable":true,"href":"https:\/\/beta.bruettelenbad.ch\/ed\/wp-json\/wp\/v2\/comments?post=7104"}],"version-history":[{"count":3,"href":"https:\/\/beta.bruettelenbad.ch\/ed\/wp-json\/wp\/v2\/pages\/7104\/revisions"}],"predecessor-version":[{"id":7113,"href":"https:\/\/beta.bruettelenbad.ch\/ed\/wp-json\/wp\/v2\/pages\/7104\/revisions\/7113"}],"up":[{"embeddable":true,"href":"https:\/\/beta.bruettelenbad.ch\/ed\/wp-json\/wp\/v2\/pages\/1011"}],"wp:attachment":[{"href":"https:\/\/beta.bruettelenbad.ch\/ed\/wp-json\/wp\/v2\/media?parent=7104"}],"curies":[{"name":"wp","href":"https:\/\/api.w.org\/{rel}","templated":true}]}}