{"id":7090,"date":"2025-08-19T13:59:17","date_gmt":"2025-08-19T11:59:17","guid":{"rendered":"https:\/\/beta.bruettelenbad.ch\/?page_id=7090"},"modified":"2025-08-19T14:33:10","modified_gmt":"2025-08-19T12:33:10","slug":"pflegefachperson-hf-40-50","status":"publish","type":"page","link":"https:\/\/beta.bruettelenbad.ch\/ed\/stellen-2\/pflegefachperson-hf-40-50\/","title":{"rendered":"Pflegefachperson HF 40% &#8211; 50%"},"content":{"rendered":"<p class=\"qtranxs-available-languages-message qtranxs-available-languages-message-ed\">Diesen Eintrag gibt es nur in normaler Sprache.<\/p><p>Die Stiftung Br\u00fcttelenbad bietet betreute Wohn- und Arbeitspl\u00e4tze an f\u00fcr rund 60 Menschen mit kognitiven und mehrfachen Beeintr\u00e4chtigungen. 100 Fachpersonen k\u00fcmmern sich um ihr Wohl mit dem Ziel ihnen Lebensfreude und Geborgenheit in der Gemeinschaft zu erm\u00f6glichen.<\/p>\n<p>Liebst Du den Umgang mit Menschen und m\u00f6chtest beitragen zur Lebensqualit\u00e4t der Klient:innen des Br\u00fcttelenbads?<\/p>\n<p>Zur Verst\u00e4rkung unseres Teams im Pflegedienst suchen wir per 01.09.2025 oder nach Vereinbarung eine<\/p>\n<p><strong>Pflegefachperson HF<\/strong> <strong>40% &#8211; 50%<\/strong><\/p>\n<p>Das machst Du:<\/p>\n<ul>\n<li>Aktive Mitarbeit im Implementierungsprozess der InhouseSpitex<\/li>\n<li>Mitverantwortung f\u00fcr s\u00e4mtliche Schritte im Pflegeprozess der Klient:innen basierend auf interRAI Schweiz<\/li>\n<li>Sicherstellen der pflegerischen und medizinischen Versorgung der Klient:innen<\/li>\n<li>Unterst\u00fctzung und Beratung der Wohngruppen und Ateliers bei pflegerischen Fragestellungen<\/li>\n<li>Zusammenarbeit mit der Heimarztpraxis sowie ausf\u00fchren und gew\u00e4hrleisten der \u00e4rztlichen Verordnungen<\/li>\n<li>Aussagekr\u00e4ftige und l\u00fcckenlose F\u00fchrung der Verlaufsdokumentation (easyDOK)<\/li>\n<li>Vorbereiten, kontrollieren und verteilen der Medikamentendosetts<\/li>\n<li>Organisieren und eigenverantwortliche Durchf\u00fchrung der medizinischen Termine<\/li>\n<li>Interdisziplin\u00e4re Zusammenarbeit mit den Mitarbeitenden der Wohngruppen und Ateliers, den gesetzlichen Vertretungen und Angeh\u00f6rigen, sowie weiteren involvierten Stellen<\/li>\n<\/ul>\n<p>Das bringst Du mit:<\/p>\n<ul>\n<li>Abgeschlossene Ausbildung als Dipl. Pflegefachfrau HF\/FA\/AKP\/DNII mit Berufserfahrung<\/li>\n<li>Erfahrung in der Spitex und mit interRAI HC zwingend<\/li>\n<li>Aktuelle Kenntnisse in der Akut- und\/oder Langzeitpflege<\/li>\n<li>Hohe Sozialkompetenz sowie ausgepr\u00e4gte Kommunikations- und Organisationsf\u00e4higkeiten<\/li>\n<li>Flexible, belastbare und humorvolle Pers\u00f6nlichkeit mit Freude an der multiprofessionellen Zusammenarbeit<\/li>\n<li>Freude am aktiven Mitdenken im Team<\/li>\n<li>PW- Ausweis und gute EDV Kenntnisse erforderlich<\/li>\n<\/ul>\n<p>Das bieten wir Dir:<\/p>\n<ul>\n<li>Abwechslungsreiche Arbeit in einem engagierten Team und fundierte Einarbeitung<\/li>\n<li>Regelm\u00e4sse Arbeitszeiten, Tagesbetrieb wochentags<\/li>\n<li>Attraktive Anstellungsbedingungen in Anlehnung an die kantonalen Richtlinien, 5 Wochen Ferien<\/li>\n<li>Kostenloser Parkplatz sowie \u00d6V Anschluss<\/li>\n<li>Interne und externe Weiterbildungen<\/li>\n<li>Betriebliche Sozialberatung f\u00fcr das Wohlergehen der Mitarbeitenden<\/li>\n<\/ul>\n<p>Das Team besteht aus insgesamt 4 Personen. Mitarbeitende und \u00a0Klient:innen der Institution sch\u00e4tzen den Pflegedienst als kompetente Ansprechstelle. M\u00f6chtest Du diese spannende Herausforderung annehmen? Dann freuen wir uns darauf, Dich kennen zu lernen.<\/p>\n<h5>Schnellbewerbung:<\/h5>\n<p>\n<div class=\"wpcf7 no-js\" id=\"wpcf7-f6576-o1\" lang=\"de-DE\" dir=\"ltr\" data-wpcf7-id=\"6576\">\n<div class=\"screen-reader-response\"><p role=\"status\" aria-live=\"polite\" aria-atomic=\"true\"><\/p> <ul><\/ul><\/div>\n<form action=\"\/ed\/wp-json\/wp\/v2\/pages\/7090#wpcf7-f6576-o1\" method=\"post\" class=\"wpcf7-form init\" aria-label=\"Kontaktformular\" novalidate=\"novalidate\" data-status=\"init\">\n<fieldset class=\"hidden-fields-container\"><input type=\"hidden\" name=\"_wpcf7\" value=\"6576\" \/><input type=\"hidden\" name=\"_wpcf7_version\" value=\"6.1.1\" \/><input type=\"hidden\" name=\"_wpcf7_locale\" value=\"de_DE\" \/><input type=\"hidden\" name=\"_wpcf7_unit_tag\" value=\"wpcf7-f6576-o1\" \/><input type=\"hidden\" name=\"_wpcf7_container_post\" value=\"0\" \/><input type=\"hidden\" name=\"_wpcf7_posted_data_hash\" value=\"\" \/>\n<\/fieldset>\n<div class=\"input-wrapper\">\n<div id=\"scroll-to-form\"><\/div>\n<span class=\"wpcf7-form-control-wrap\" data-name=\"stelle-name\"><input size=\"40\" maxlength=\"400\" class=\"wpcf7-form-control wpcf7-text wpcf7-validates-as-required\" aria-required=\"true\" aria-invalid=\"false\" placeholder=\"Vollst\u00e4ndiger Name\" value=\"\" type=\"text\" name=\"stelle-name\" \/><\/span>\n\n<span class=\"wpcf7-form-control-wrap\" data-name=\"stelle-email\"><input size=\"40\" maxlength=\"400\" class=\"wpcf7-form-control wpcf7-email wpcf7-validates-as-required wpcf7-text wpcf7-validates-as-email\" aria-required=\"true\" aria-invalid=\"false\" placeholder=\"E-Mail Adresse\" value=\"\" type=\"email\" name=\"stelle-email\" \/><\/span>\n\n<span class=\"wpcf7-form-control-wrap\" data-name=\"stelle-telefon\"><input size=\"40\" maxlength=\"400\" class=\"wpcf7-form-control wpcf7-tel wpcf7-text wpcf7-validates-as-tel\" aria-invalid=\"false\" placeholder=\"Telefonnummer\" value=\"\" type=\"tel\" name=\"stelle-telefon\" \/><\/span>\n\n<span class=\"wpcf7-form-control-wrap\" data-name=\"stellen-form\"><input size=\"40\" maxlength=\"400\" class=\"wpcf7-form-control wpcf7-text stellen-form\" aria-invalid=\"false\" value=\"\" type=\"text\" name=\"stellen-form\" \/><\/span>\n\n\n<input class=\"wpcf7-form-control wpcf7-submit has-spinner\" type=\"submit\" value=\"Senden\" \/>\n<\/div><div class=\"wpcf7-response-output\" aria-hidden=\"true\"><\/div>\n<\/form>\n<\/div>\n<\/p>\n<p>F\u00fcr weitere Ausk\u00fcnfte melde Dich gerne unter 032 321 38 00<\/p>\n<p>Deine vollst\u00e4ndigen Bewerbungsunterlagen sende bitte an: <a href=\"&#109;&#x61;&#x69;&#108;&#x74;&#x6f;&#58;&#x70;&#x65;&#114;&#x73;&#x6f;&#110;&#x61;&#x6c;&#64;&#x62;&#x72;&#117;&#x65;&#x74;&#116;&#x65;&#x6c;&#101;&#x6e;&#x62;a&#x64;&#x2e;c&#x68;\">&#112;&#101;&#x72;&#x73;&#111;&#110;&#x61;&#x6c;&#64;&#98;&#x72;&#x75;&#101;&#116;&#x74;&#x65;&#108;&#101;&#x6e;&#x62;&#97;&#100;&#x2e;&#x63;&#104;<\/a><\/p>\n<p>Stiftung Br\u00fcttelenbad, Personaladministration, M\u00fchlegasse 34, 3237 Br\u00fcttelen<\/p>","protected":false},"excerpt":{"rendered":"<p>Diesen Eintrag gibt es nur in normaler Sprache.Die Stiftung Br\u00fcttelenbad bietet betreute Wohn- und Arbeitspl\u00e4tze an f\u00fcr rund 60 Menschen mit kognitiven und mehrfachen Beeintr\u00e4chtigungen. 100 Fachpersonen k\u00fcmmern sich um ihr Wohl mit dem Ziel ihnen Lebensfreude und Geborgenheit in der Gemeinschaft zu erm\u00f6glichen. Liebst Du den Umgang mit Menschen und m\u00f6chtest beitragen zur Lebensqualit\u00e4t [&hellip;]<\/p>\n","protected":false},"author":6,"featured_media":0,"parent":1011,"menu_order":0,"comment_status":"closed","ping_status":"closed","template":"","meta":{"footnotes":""},"class_list":["post-7090","page","type-page","status-publish","hentry"],"acf":[],"_links":{"self":[{"href":"https:\/\/beta.bruettelenbad.ch\/ed\/wp-json\/wp\/v2\/pages\/7090","targetHints":{"allow":["GET"]}}],"collection":[{"href":"https:\/\/beta.bruettelenbad.ch\/ed\/wp-json\/wp\/v2\/pages"}],"about":[{"href":"https:\/\/beta.bruettelenbad.ch\/ed\/wp-json\/wp\/v2\/types\/page"}],"author":[{"embeddable":true,"href":"https:\/\/beta.bruettelenbad.ch\/ed\/wp-json\/wp\/v2\/users\/6"}],"replies":[{"embeddable":true,"href":"https:\/\/beta.bruettelenbad.ch\/ed\/wp-json\/wp\/v2\/comments?post=7090"}],"version-history":[{"count":3,"href":"https:\/\/beta.bruettelenbad.ch\/ed\/wp-json\/wp\/v2\/pages\/7090\/revisions"}],"predecessor-version":[{"id":7114,"href":"https:\/\/beta.bruettelenbad.ch\/ed\/wp-json\/wp\/v2\/pages\/7090\/revisions\/7114"}],"up":[{"embeddable":true,"href":"https:\/\/beta.bruettelenbad.ch\/ed\/wp-json\/wp\/v2\/pages\/1011"}],"wp:attachment":[{"href":"https:\/\/beta.bruettelenbad.ch\/ed\/wp-json\/wp\/v2\/media?parent=7090"}],"curies":[{"name":"wp","href":"https:\/\/api.w.org\/{rel}","templated":true}]}}