{"id":6519,"date":"2024-06-07T10:49:23","date_gmt":"2024-06-07T08:49:23","guid":{"rendered":"https:\/\/bruettelenbad.ch\/?page_id=6519"},"modified":"2025-08-19T14:39:03","modified_gmt":"2025-08-19T12:39:03","slug":"aushilfen-im-stundenlohn-2","status":"publish","type":"page","link":"https:\/\/beta.bruettelenbad.ch\/ed\/stellen-2\/aushilfen-im-stundenlohn-2\/","title":{"rendered":"Aushilfen im Stundenlohn"},"content":{"rendered":"<p class=\"qtranxs-available-languages-message qtranxs-available-languages-message-ed\">Diesen Eintrag gibt es nur in normaler Sprache.<\/p><p>Der Lebensraum Br\u00fcttelenbad \u2013 idyllisch gelegen im Berner Seeland \u2013 bietet 60 erwachsenen Menschen mit kognitiven und mehrfachen Beeintr\u00e4chtigungen Wohnen, Arbeit und Tagesgestaltung.<\/p>\n<p>F\u00fcr den Wohnbereich suchen wir f\u00fcr Ferien- und Krankheitsabl\u00f6sungen sehr flexible<\/p>\n<p><strong>Aushilfen im Stundenlohn<\/strong><\/p>\n<p>Ihre Hauptaufgaben sind:<\/p>\n<ul>\n<li>Betreuung der Klienten im Wohngruppenalltag mit agogischen, pflegerischen und administrativen Aufgaben<\/li>\n<li>Gestaltung des Alltags<\/li>\n<li>Hauswirtschaftliche Arbeiten<\/li>\n<\/ul>\n<p>Voraussetzungen sind:<\/p>\n<ul>\n<li>Erfahrung in der Betreuung von Menschen mit einer kognitiven Beeintr\u00e4chtigung<\/li>\n<li>Kenntnisse in der Pflege<\/li>\n<li>Selbst\u00e4ndige und zielgerichtete Arbeitsweise<\/li>\n<li>Hohe Flexibilit\u00e4t bez\u00fcglich Arbeitseins\u00e4tzen<\/li>\n<li>Bereitschaft, Abend-, Nacht- und Wochenenddienste zu leisten<\/li>\n<li>PW-Ausweis von Vorteil<\/li>\n<\/ul>\n<p>Wir bieten:<\/p>\n<ul>\n<li>Interessante Aufgabe<\/li>\n<li>Abwechslungsreiches Arbeitsgebiet<\/li>\n<li>Fundierte Einarbeitung<\/li>\n<li>Blockzeiten<\/li>\n<li>Attraktive Anstellungsbedingungen in Anlehnung an die kantonalen Richtlinien<\/li>\n<\/ul>\n<p>Haben wir Ihr Interesse geweckt? Myriam Siegenthaler, Bereichsleitung Wohnen, gibt Ihnen gerne Auskunft: 032 321 38 03<\/p>\n<h5><span style=\"color: #003366;\">Schnellbewerbung:<\/span><\/h5>\n\n<div class=\"wpcf7 no-js\" id=\"wpcf7-f6576-o1\" lang=\"de-DE\" dir=\"ltr\" data-wpcf7-id=\"6576\">\n<div class=\"screen-reader-response\"><p role=\"status\" aria-live=\"polite\" aria-atomic=\"true\"><\/p> <ul><\/ul><\/div>\n<form action=\"\/ed\/wp-json\/wp\/v2\/pages\/6519#wpcf7-f6576-o1\" method=\"post\" class=\"wpcf7-form init\" aria-label=\"Kontaktformular\" novalidate=\"novalidate\" data-status=\"init\">\n<fieldset class=\"hidden-fields-container\"><input type=\"hidden\" name=\"_wpcf7\" value=\"6576\" \/><input type=\"hidden\" name=\"_wpcf7_version\" value=\"6.1.1\" \/><input type=\"hidden\" name=\"_wpcf7_locale\" value=\"de_DE\" \/><input type=\"hidden\" name=\"_wpcf7_unit_tag\" value=\"wpcf7-f6576-o1\" \/><input type=\"hidden\" name=\"_wpcf7_container_post\" value=\"0\" \/><input type=\"hidden\" name=\"_wpcf7_posted_data_hash\" value=\"\" \/>\n<\/fieldset>\n<div class=\"input-wrapper\">\n<div id=\"scroll-to-form\"><\/div>\n<span class=\"wpcf7-form-control-wrap\" data-name=\"stelle-name\"><input size=\"40\" maxlength=\"400\" class=\"wpcf7-form-control wpcf7-text wpcf7-validates-as-required\" aria-required=\"true\" aria-invalid=\"false\" placeholder=\"Vollst\u00e4ndiger Name\" value=\"\" type=\"text\" name=\"stelle-name\" \/><\/span>\n\n<span class=\"wpcf7-form-control-wrap\" data-name=\"stelle-email\"><input size=\"40\" maxlength=\"400\" class=\"wpcf7-form-control wpcf7-email wpcf7-validates-as-required wpcf7-text wpcf7-validates-as-email\" aria-required=\"true\" aria-invalid=\"false\" placeholder=\"E-Mail Adresse\" value=\"\" type=\"email\" name=\"stelle-email\" \/><\/span>\n\n<span class=\"wpcf7-form-control-wrap\" data-name=\"stelle-telefon\"><input size=\"40\" maxlength=\"400\" class=\"wpcf7-form-control wpcf7-tel wpcf7-text wpcf7-validates-as-tel\" aria-invalid=\"false\" placeholder=\"Telefonnummer\" value=\"\" type=\"tel\" name=\"stelle-telefon\" \/><\/span>\n\n<span class=\"wpcf7-form-control-wrap\" data-name=\"stellen-form\"><input size=\"40\" maxlength=\"400\" class=\"wpcf7-form-control wpcf7-text stellen-form\" aria-invalid=\"false\" value=\"\" type=\"text\" name=\"stellen-form\" \/><\/span>\n\n\n<input class=\"wpcf7-form-control wpcf7-submit has-spinner\" type=\"submit\" value=\"Senden\" \/>\n<\/div><div class=\"wpcf7-response-output\" aria-hidden=\"true\"><\/div>\n<\/form>\n<\/div>\n\n<p>Ihre vollst\u00e4ndige Bewerbung senden Sie bitte elektronisch oder per Post an: <a href=\"&#x6d;&#x61;&#105;l&#x74;&#x6f;&#x3a;&#112;e&#x72;&#x73;&#x6f;&#110;a&#x6c;&#x40;&#x62;&#114;u&#x65;&#x74;&#x74;&#101;l&#x65;&#x6e;&#x62;&#97;d&#x2e;&#x63;&#x68;\">p&#101;&#x72;&#x73;o&#110;&#97;&#x6c;&#x40;b&#114;&#117;&#x65;&#x74;t&#101;&#x6c;&#x65;&#x6e;b&#97;&#x64;&#x2e;c&#104;<\/a><\/p>\n<h6><span style=\"color: #000000;\">Stiftung Br\u00fcttelenbad<\/span><\/h6>\n<h6><span style=\"color: #000000;\">Personaladministration<\/span><\/h6>\n<h6><span style=\"color: #000000;\">M\u00fchlegasse 34<\/span><\/h6>\n<h6><span style=\"color: #000000;\">3237 Br\u00fcttelen <\/span><\/h6>","protected":false},"excerpt":{"rendered":"<p>Diesen Eintrag gibt es nur in normaler Sprache.Der Lebensraum Br\u00fcttelenbad \u2013 idyllisch gelegen im Berner Seeland \u2013 bietet 60 erwachsenen Menschen mit kognitiven und mehrfachen Beeintr\u00e4chtigungen Wohnen, Arbeit und Tagesgestaltung. F\u00fcr den Wohnbereich suchen wir f\u00fcr Ferien- und Krankheitsabl\u00f6sungen sehr flexible Aushilfen im Stundenlohn Ihre Hauptaufgaben sind: Betreuung der Klienten im Wohngruppenalltag mit agogischen, pflegerischen [&hellip;]<\/p>\n","protected":false},"author":8,"featured_media":0,"parent":1011,"menu_order":0,"comment_status":"closed","ping_status":"closed","template":"","meta":{"footnotes":""},"class_list":["post-6519","page","type-page","status-publish","hentry"],"acf":[],"_links":{"self":[{"href":"https:\/\/beta.bruettelenbad.ch\/ed\/wp-json\/wp\/v2\/pages\/6519","targetHints":{"allow":["GET"]}}],"collection":[{"href":"https:\/\/beta.bruettelenbad.ch\/ed\/wp-json\/wp\/v2\/pages"}],"about":[{"href":"https:\/\/beta.bruettelenbad.ch\/ed\/wp-json\/wp\/v2\/types\/page"}],"author":[{"embeddable":true,"href":"https:\/\/beta.bruettelenbad.ch\/ed\/wp-json\/wp\/v2\/users\/8"}],"replies":[{"embeddable":true,"href":"https:\/\/beta.bruettelenbad.ch\/ed\/wp-json\/wp\/v2\/comments?post=6519"}],"version-history":[{"count":4,"href":"https:\/\/beta.bruettelenbad.ch\/ed\/wp-json\/wp\/v2\/pages\/6519\/revisions"}],"predecessor-version":[{"id":7117,"href":"https:\/\/beta.bruettelenbad.ch\/ed\/wp-json\/wp\/v2\/pages\/6519\/revisions\/7117"}],"up":[{"embeddable":true,"href":"https:\/\/beta.bruettelenbad.ch\/ed\/wp-json\/wp\/v2\/pages\/1011"}],"wp:attachment":[{"href":"https:\/\/beta.bruettelenbad.ch\/ed\/wp-json\/wp\/v2\/media?parent=6519"}],"curies":[{"name":"wp","href":"https:\/\/api.w.org\/{rel}","templated":true}]}}