{"id":3480,"date":"2021-05-28T15:50:54","date_gmt":"2021-05-28T13:50:54","guid":{"rendered":"https:\/\/www.bruettelenbad.ch\/?page_id=3480"},"modified":"2023-07-17T16:19:47","modified_gmt":"2023-07-17T14:19:47","slug":"werkstaetten","status":"publish","type":"page","link":"https:\/\/beta.bruettelenbad.ch\/ed\/arbeit\/werkstaetten\/","title":{"rendered":"Haus\u00b7wirtschaft &#038; Unter\u00b7halt"},"content":{"rendered":"<p class=\"qtranxs-available-languages-message qtranxs-available-languages-message-ed\">Diesen Eintrag gibt es nur in normaler Sprache.<\/p><p>Abwechslungsreiche, angepasste Arbeitspl\u00e4tze f\u00fcr Menschen mit leichten bis mittleren kognitiven Beeintr\u00e4chtigungen.<\/p>","protected":false},"excerpt":{"rendered":"<p>Diesen Eintrag gibt es nur in normaler Sprache.Abwechslungsreiche, angepasste Arbeitspl\u00e4tze f\u00fcr Menschen mit leichten bis mittleren kognitiven Beeintr\u00e4chtigungen.<\/p>\n","protected":false},"author":8,"featured_media":0,"parent":4766,"menu_order":0,"comment_status":"closed","ping_status":"closed","template":"page-templates\/page-blocks.php","meta":{"footnotes":""},"class_list":["post-3480","page","type-page","status-publish","hentry"],"acf":[],"_links":{"self":[{"href":"https:\/\/beta.bruettelenbad.ch\/ed\/wp-json\/wp\/v2\/pages\/3480","targetHints":{"allow":["GET"]}}],"collection":[{"href":"https:\/\/beta.bruettelenbad.ch\/ed\/wp-json\/wp\/v2\/pages"}],"about":[{"href":"https:\/\/beta.bruettelenbad.ch\/ed\/wp-json\/wp\/v2\/types\/page"}],"author":[{"embeddable":true,"href":"https:\/\/beta.bruettelenbad.ch\/ed\/wp-json\/wp\/v2\/users\/8"}],"replies":[{"embeddable":true,"href":"https:\/\/beta.bruettelenbad.ch\/ed\/wp-json\/wp\/v2\/comments?post=3480"}],"version-history":[{"count":3,"href":"https:\/\/beta.bruettelenbad.ch\/ed\/wp-json\/wp\/v2\/pages\/3480\/revisions"}],"predecessor-version":[{"id":6191,"href":"https:\/\/beta.bruettelenbad.ch\/ed\/wp-json\/wp\/v2\/pages\/3480\/revisions\/6191"}],"up":[{"embeddable":true,"href":"https:\/\/beta.bruettelenbad.ch\/ed\/wp-json\/wp\/v2\/pages\/4766"}],"wp:attachment":[{"href":"https:\/\/beta.bruettelenbad.ch\/ed\/wp-json\/wp\/v2\/media?parent=3480"}],"curies":[{"name":"wp","href":"https:\/\/api.w.org\/{rel}","templated":true}]}}