{"id":286,"date":"2017-01-24T19:38:26","date_gmt":"2017-01-24T18:38:26","guid":{"rendered":"https:\/\/www.bruettelenbad.ch\/bruettelenbad\/?page_id=286"},"modified":"2023-02-08T15:03:14","modified_gmt":"2023-02-08T14:03:14","slug":"kontakt","status":"publish","type":"page","link":"https:\/\/beta.bruettelenbad.ch\/ed\/kontakt\/","title":{"rendered":"So finden Sie uns"},"content":{"rendered":"<p><\/p>\n<h5>Wenn Sie Fragen haben ist das unsere Adresse:<\/h5>\n<p>Das Sekretariat ist meistens vom Montag bis Freitag ge\u00f6ffnet.<br \/>\n8:00 \u2013 11:30 Uhr und von 12:30 \u2013 17:00 Uhr.<br \/>\nWenn es dringend ist, k\u00f6nnen Sie auch am Abend oder am Wochenende anrufen.<\/p>\n<p>Stiftung Br\u00fcttelenbad<br \/>\nM\u00fchlegasse 34<br \/>\n3237 Br\u00fcttelen<br \/>\nTelefon <a href=\"tel:+41323213800\">032 321 38 00<\/a><\/p>\n<p>Email: <a href=\"&#109;&#97;&#x69;l&#116;&#x6f;&#x3a;i&#110;&#x66;&#x6f;&#64;&#98;&#x72;&#x75;e&#116;&#x74;&#x65;l&#101;&#x6e;&#x62;a&#100;&#x2e;c&#104;\">&#x69;&#110;&#102;o&#x40;&#x62;&#114;u&#x65;&#x74;&#116;e&#x6c;&#x65;&#110;b&#x61;&#x64;&#46;c&#x68;<\/a><\/p>\n<h5>Weitere Adressen<\/h5>\n<p>Weitere Adressen und direkte Telefonnummern von<\/p>\n<ul>\n<li>Den Wohngruppen<\/li>\n<li>Den Ateliers<\/li>\n<li>Der Gesch\u00e4ftsleitung<\/li>\n<li>Dem B\u00fcro<\/li>\n<\/ul>\n<p>Bitte hier klicken f\u00fcr die Adressliste:<br \/>\n(Downloadlink: Adressliste.pdf)<\/p>","protected":false},"excerpt":{"rendered":"<p>Wenn Sie Fragen haben ist das unsere Adresse: Das Sekretariat ist meistens vom Montag bis Freitag ge\u00f6ffnet. 8:00 \u2013 11:30 Uhr und von 12:30 \u2013 17:00 Uhr. Wenn es dringend ist, k\u00f6nnen Sie auch am Abend oder am Wochenende anrufen. Stiftung Br\u00fcttelenbad M\u00fchlegasse 34 3237 Br\u00fcttelen Telefon 032 321 38 00 Email: i&#110;&#x66;&#x6f;&#64;&#98;&#x72;&#x75;e&#116;&#116;&#x65;&#x6c;e&#110;&#x62;&#x61;d&#46;&#x63;&#x68; Weitere Adressen [&hellip;]<\/p>\n","protected":false},"author":1,"featured_media":0,"parent":0,"menu_order":4,"comment_status":"closed","ping_status":"closed","template":"page-templates\/page-blocks.php","meta":{"footnotes":""},"class_list":["post-286","page","type-page","status-publish","hentry"],"acf":[],"_links":{"self":[{"href":"https:\/\/beta.bruettelenbad.ch\/ed\/wp-json\/wp\/v2\/pages\/286","targetHints":{"allow":["GET"]}}],"collection":[{"href":"https:\/\/beta.bruettelenbad.ch\/ed\/wp-json\/wp\/v2\/pages"}],"about":[{"href":"https:\/\/beta.bruettelenbad.ch\/ed\/wp-json\/wp\/v2\/types\/page"}],"author":[{"embeddable":true,"href":"https:\/\/beta.bruettelenbad.ch\/ed\/wp-json\/wp\/v2\/users\/1"}],"replies":[{"embeddable":true,"href":"https:\/\/beta.bruettelenbad.ch\/ed\/wp-json\/wp\/v2\/comments?post=286"}],"version-history":[{"count":4,"href":"https:\/\/beta.bruettelenbad.ch\/ed\/wp-json\/wp\/v2\/pages\/286\/revisions"}],"predecessor-version":[{"id":4449,"href":"https:\/\/beta.bruettelenbad.ch\/ed\/wp-json\/wp\/v2\/pages\/286\/revisions\/4449"}],"wp:attachment":[{"href":"https:\/\/beta.bruettelenbad.ch\/ed\/wp-json\/wp\/v2\/media?parent=286"}],"curies":[{"name":"wp","href":"https:\/\/api.w.org\/{rel}","templated":true}]}}