{"id":284,"date":"2017-01-24T19:37:14","date_gmt":"2017-01-24T18:37:14","guid":{"rendered":"https:\/\/www.bruettelenbad.ch\/bruettelenbad\/?page_id=284"},"modified":"2024-06-18T12:22:25","modified_gmt":"2024-06-18T10:22:25","slug":"impressum","status":"publish","type":"page","link":"https:\/\/beta.bruettelenbad.ch\/ed\/impressum\/","title":{"rendered":"Impressum"},"content":{"rendered":"<p><\/p>\n<h5>Wem geh\u00f6rt diese Internetseite?<\/h5>\n<p>Stiftung Br\u00fcttelenbad<br \/>\nF\u00fcr die Texte von allen Links auf andere Internetseiten \u00fcbernehmen wir keine Verantwortung.<\/p>\n<h5>Texte:<\/h5>\n<p>Gesch\u00e4ftsleitung Br\u00fcttelenbad.<br \/>\n\u00dcberarbeitung: B\u00fcro f\u00fcr Textkomposition Bern BTK <a href=\"http:\/\/www.b-t-k.ch\/\" target=\"_blank\" rel=\"noopener noreferrer\">www.b-t-k.ch<\/a><\/p>\n<h5>Fotos:<\/h5>\n<p>Fotograf: Ueli B\u00fchler, 3113 Rubigen,<br \/>\nLuftaufnahmen mit Drohne: Linus Ehi, (emailadresse)<br \/>\nFotogalerie: Diverse Mitarbeitende und Betreute der Stiftung Br\u00fcttelenbad<\/p>\n<h5>Wer hat diese Seite entworfen und programmiert?:<\/h5>\n<p>Firma Softwerkstatt in Herrenschwanden <a href=\"http:\/\/www.softwerkstatt.ch\" target=\"_blank\" rel=\"noopener noreferrer\">www.softwerkstatt.ch<\/a> und<br \/>\nFirma Glunz in Bern <a href=\"http:\/\/www.glunz.ch\" target=\"_blank\" rel=\"noopener noreferrer\">www.glunz.ch <\/a><\/p>","protected":false},"excerpt":{"rendered":"<p>Wem geh\u00f6rt diese Internetseite? Stiftung Br\u00fcttelenbad F\u00fcr die Texte von allen Links auf andere Internetseiten \u00fcbernehmen wir keine Verantwortung. Texte: Gesch\u00e4ftsleitung Br\u00fcttelenbad. \u00dcberarbeitung: B\u00fcro f\u00fcr Textkomposition Bern BTK www.b-t-k.ch Fotos: Fotograf: Ueli B\u00fchler, 3113 Rubigen, Luftaufnahmen mit Drohne: Linus Ehi, (emailadresse) Fotogalerie: Diverse Mitarbeitende und Betreute der Stiftung Br\u00fcttelenbad Wer hat diese Seite entworfen und [&hellip;]<\/p>\n","protected":false},"author":1,"featured_media":0,"parent":0,"menu_order":95,"comment_status":"closed","ping_status":"closed","template":"page-templates\/page-blocks.php","meta":{"footnotes":""},"class_list":["post-284","page","type-page","status-publish","hentry"],"acf":[],"_links":{"self":[{"href":"https:\/\/beta.bruettelenbad.ch\/ed\/wp-json\/wp\/v2\/pages\/284","targetHints":{"allow":["GET"]}}],"collection":[{"href":"https:\/\/beta.bruettelenbad.ch\/ed\/wp-json\/wp\/v2\/pages"}],"about":[{"href":"https:\/\/beta.bruettelenbad.ch\/ed\/wp-json\/wp\/v2\/types\/page"}],"author":[{"embeddable":true,"href":"https:\/\/beta.bruettelenbad.ch\/ed\/wp-json\/wp\/v2\/users\/1"}],"replies":[{"embeddable":true,"href":"https:\/\/beta.bruettelenbad.ch\/ed\/wp-json\/wp\/v2\/comments?post=284"}],"version-history":[{"count":3,"href":"https:\/\/beta.bruettelenbad.ch\/ed\/wp-json\/wp\/v2\/pages\/284\/revisions"}],"predecessor-version":[{"id":6212,"href":"https:\/\/beta.bruettelenbad.ch\/ed\/wp-json\/wp\/v2\/pages\/284\/revisions\/6212"}],"wp:attachment":[{"href":"https:\/\/beta.bruettelenbad.ch\/ed\/wp-json\/wp\/v2\/media?parent=284"}],"curies":[{"name":"wp","href":"https:\/\/api.w.org\/{rel}","templated":true}]}}