{"id":280,"date":"2017-01-24T19:35:58","date_gmt":"2017-01-24T18:35:58","guid":{"rendered":"https:\/\/www.bruettelenbad.ch\/bruettelenbad\/?page_id=280"},"modified":"2023-12-04T09:51:56","modified_gmt":"2023-12-04T08:51:56","slug":"links","status":"publish","type":"page","link":"https:\/\/beta.bruettelenbad.ch\/ed\/organisation\/links\/","title":{"rendered":"Links"},"content":{"rendered":"<p><a href=\"http:\/\/www.wabe.ch\" target=\"_blank\" rel=\"noopener noreferrer\">www.wabe.ch<\/a> \u2014 Hier gibt es Auskunft \u00fcber Wohnpl\u00e4tze, Arbeitspl\u00e4tze, Besch\u00e4ftigungsm\u00f6glichkeiten, Entlastungsm\u00f6glichkeiten, und Schulungsm\u00f6glichkeiten f\u00fcr Menschen mit einer Behinderung. Diese Seite ist nur f\u00fcr den Kanton Bern.<\/p>\n<p><a href=\"http:\/\/www.socialbern.ch\" target=\"_blank\" rel=\"noopener noreferrer\">www.socialbern.ch<\/a> \u2014 Das ist der Verband der sozialen Institutionen vom Kanton Bern (fr\u00fcher hiess er Heimverband Bern).<br \/>\nEr hat 300 Mitglied-Institutionen mit Platz und Lebensraum f\u00fcr ungef\u00e4hr 5&#8217;000 Menschen.<\/p>\n<p><a href=\"http:\/\/www.curaviva.ch\" target=\"_blank\" rel=\"noopener noreferrer\">www.curaviva.ch<\/a> \u2014 Das ist die Vereinigung von ungef\u00e4hr 1650 Institutionen und Heime f\u00fcr<br \/>\nAlte Menschen, Kinder, Jugendliche und Erwachsene Behinderte.<br \/>\nDiese Seite ist f\u00fcr die ganze Schweiz.<\/p>\n<p><a href=\"http:\/\/www.insieme.ch\" target=\"_blank\" rel=\"noopener noreferrer\">www.insieme.ch<\/a> \u2014 Das sind die Schweizerischen Vereine f\u00fcr Eltern von Menschen mit einer geistigen Behinderung.<br \/>\nSie haben 55 Mitglied-Vereine.<br \/>\ninsieme arbeitet f\u00fcr gute Lebensbedingungen, damit die rund 50&#8217;000 behinderten Menschen in der Schweiz m\u00f6glichst gut und selbstst\u00e4ndig leben k\u00f6nnen.<\/p>\n<p><a href=\"http:\/\/www.proinfirmis.ch\" target=\"_blank\" rel=\"noopener noreferrer\">www.proinfirmis.ch<\/a> \u2014 Das ist die Organisation f\u00fcr behinderte Menschen. Viele behinderte Menschen haben finanzielle Schwierigkeiten.<br \/>\nDas ist ein Grund um mit mit Pro Infirmis Kontakt aufzunehmen.<br \/>\nWeitere h\u00e4ufige Themen sind Fragen zum Recht und Gestz, sowie auch Fragen zu Versicherungen.<br \/>\nDie Fachleute von proinfirmis bieten auch Hilfe an bei Familienproblemen, bei Wohnungssuche und Arbeitssuche.<\/p>\n<p><a href=\"http:\/\/www.cerebral.ch\" target=\"_blank\" rel=\"noopener noreferrer\">www.cerebral.ch<\/a> \u2014 Die Stiftung Cerebral unterst\u00fctzt seit vielen Jahren \u00fcber 8700 Familien und ihre cerebral gel\u00e4mhten Kinder in der ganzen Schweiz.<br \/>\nSie bieten Unterst\u00fctzung bei Fragen der Beweglichkeit, der Pflege und den Hilfsmitteln. Sie kennen auch Entlastungsangebote und Erholungsangebote.<\/p>","protected":false},"excerpt":{"rendered":"<p>www.wabe.ch \u2014 Hier gibt es Auskunft \u00fcber Wohnpl\u00e4tze, Arbeitspl\u00e4tze, Besch\u00e4ftigungsm\u00f6glichkeiten, Entlastungsm\u00f6glichkeiten, und Schulungsm\u00f6glichkeiten f\u00fcr Menschen mit einer Behinderung. Diese Seite ist nur f\u00fcr den Kanton Bern. www.socialbern.ch \u2014 Das ist der Verband der sozialen Institutionen vom Kanton Bern (fr\u00fcher hiess er Heimverband Bern). Er hat 300 Mitglied-Institutionen mit Platz und Lebensraum f\u00fcr ungef\u00e4hr 5&#8217;000 Menschen. [&hellip;]<\/p>\n","protected":false},"author":1,"featured_media":0,"parent":1057,"menu_order":5,"comment_status":"closed","ping_status":"closed","template":"page-templates\/page-blocks.php","meta":{"footnotes":""},"class_list":["post-280","page","type-page","status-publish","hentry"],"acf":[],"_links":{"self":[{"href":"https:\/\/beta.bruettelenbad.ch\/ed\/wp-json\/wp\/v2\/pages\/280","targetHints":{"allow":["GET"]}}],"collection":[{"href":"https:\/\/beta.bruettelenbad.ch\/ed\/wp-json\/wp\/v2\/pages"}],"about":[{"href":"https:\/\/beta.bruettelenbad.ch\/ed\/wp-json\/wp\/v2\/types\/page"}],"author":[{"embeddable":true,"href":"https:\/\/beta.bruettelenbad.ch\/ed\/wp-json\/wp\/v2\/users\/1"}],"replies":[{"embeddable":true,"href":"https:\/\/beta.bruettelenbad.ch\/ed\/wp-json\/wp\/v2\/comments?post=280"}],"version-history":[{"count":3,"href":"https:\/\/beta.bruettelenbad.ch\/ed\/wp-json\/wp\/v2\/pages\/280\/revisions"}],"predecessor-version":[{"id":6364,"href":"https:\/\/beta.bruettelenbad.ch\/ed\/wp-json\/wp\/v2\/pages\/280\/revisions\/6364"}],"up":[{"embeddable":true,"href":"https:\/\/beta.bruettelenbad.ch\/ed\/wp-json\/wp\/v2\/pages\/1057"}],"wp:attachment":[{"href":"https:\/\/beta.bruettelenbad.ch\/ed\/wp-json\/wp\/v2\/media?parent=280"}],"curies":[{"name":"wp","href":"https:\/\/api.w.org\/{rel}","templated":true}]}}