{"id":1579,"date":"2018-02-14T17:24:55","date_gmt":"2018-02-14T16:24:55","guid":{"rendered":"https:\/\/www.bruettelenbad.ch\/bruettelenbad\/?page_id=1579"},"modified":"2023-08-30T13:23:01","modified_gmt":"2023-08-30T11:23:01","slug":"woerterbuch","status":"publish","type":"page","link":"https:\/\/beta.bruettelenbad.ch\/ed\/woerterbuch\/","title":{"rendered":"W\u00f6rterbuch &#8211; Erkl\u00e4rungen schwierige W\u00f6rter"},"content":{"rendered":"<p>#Fach\u00b7person<br \/>\nEin Mensch hat eine gute Ausbildung f\u00fcr einen Beruf? Und der Mensch hat viel Erfahrung in dem Beruf? Dann ist der Mensch eine Fach\u00b7person f\u00fcr diesen Beruf.<\/p>\n<p><\/p>","protected":false},"excerpt":{"rendered":"<p>#Fach\u00b7person Ein Mensch hat eine gute Ausbildung f\u00fcr einen Beruf? Und der Mensch hat viel Erfahrung in dem Beruf? Dann ist der Mensch eine Fach\u00b7person f\u00fcr diesen Beruf.<\/p>\n","protected":false},"author":8,"featured_media":0,"parent":0,"menu_order":0,"comment_status":"closed","ping_status":"closed","template":"page-templates\/page-blocks.php","meta":{"footnotes":""},"class_list":["post-1579","page","type-page","status-publish","hentry"],"acf":[],"_links":{"self":[{"href":"https:\/\/beta.bruettelenbad.ch\/ed\/wp-json\/wp\/v2\/pages\/1579","targetHints":{"allow":["GET"]}}],"collection":[{"href":"https:\/\/beta.bruettelenbad.ch\/ed\/wp-json\/wp\/v2\/pages"}],"about":[{"href":"https:\/\/beta.bruettelenbad.ch\/ed\/wp-json\/wp\/v2\/types\/page"}],"author":[{"embeddable":true,"href":"https:\/\/beta.bruettelenbad.ch\/ed\/wp-json\/wp\/v2\/users\/8"}],"replies":[{"embeddable":true,"href":"https:\/\/beta.bruettelenbad.ch\/ed\/wp-json\/wp\/v2\/comments?post=1579"}],"version-history":[{"count":3,"href":"https:\/\/beta.bruettelenbad.ch\/ed\/wp-json\/wp\/v2\/pages\/1579\/revisions"}],"predecessor-version":[{"id":6312,"href":"https:\/\/beta.bruettelenbad.ch\/ed\/wp-json\/wp\/v2\/pages\/1579\/revisions\/6312"}],"wp:attachment":[{"href":"https:\/\/beta.bruettelenbad.ch\/ed\/wp-json\/wp\/v2\/media?parent=1579"}],"curies":[{"name":"wp","href":"https:\/\/api.w.org\/{rel}","templated":true}]}}