{"id":1068,"date":"2017-10-24T17:19:29","date_gmt":"2017-10-24T15:19:29","guid":{"rendered":"https:\/\/www.bruettelenbad.ch\/bruettelenbad\/?page_id=1068"},"modified":"2023-07-04T11:25:49","modified_gmt":"2023-07-04T09:25:49","slug":"assistenzleistungen","status":"publish","type":"page","link":"https:\/\/beta.bruettelenbad.ch\/ed\/wohnen\/assistenzleistungen\/","title":{"rendered":"Assistenz\u00b7leistungen"},"content":{"rendered":"<p class=\"qtranxs-available-languages-message qtranxs-available-languages-message-ed\">Diesen Eintrag gibt es nur in normaler Sprache.<\/p><p><strong>Assistenzleistungen bei Ihnen zuhause.<\/strong><\/p>\n<p>Ben\u00f6tigen Sie zuhause professionelle Unterst\u00fctzung? Oder Hilfestellung bei der Betreuung ihrer Angeh\u00f6rigen?<br \/>\nWir bieten ambulante Dienstleistungen am Wohnort des Klienten:<\/p>\n<ul>\n<li>Hilfe bei der Pflege<\/li>\n<li>Unterst\u00fctzung bei haush\u00e4lterischen und administrativen T\u00e4tigkeiten<\/li>\n<li>Wohntraining<\/li>\n<li>Organisation von Freizeit oder Ferien<\/li>\n<li>Begleitung im Alltag<\/li>\n<\/ul>\n<p><\/p>","protected":false},"excerpt":{"rendered":"<p>Diesen Eintrag gibt es nur in normaler Sprache.Assistenzleistungen bei Ihnen zuhause. Ben\u00f6tigen Sie zuhause professionelle Unterst\u00fctzung? Oder Hilfestellung bei der Betreuung ihrer Angeh\u00f6rigen? Wir bieten ambulante Dienstleistungen am Wohnort des Klienten: Hilfe bei der Pflege Unterst\u00fctzung bei haush\u00e4lterischen und administrativen T\u00e4tigkeiten Wohntraining Organisation von Freizeit oder Ferien Begleitung im Alltag<\/p>\n","protected":false},"author":8,"featured_media":0,"parent":259,"menu_order":0,"comment_status":"closed","ping_status":"closed","template":"page-templates\/page-blocks.php","meta":{"footnotes":""},"class_list":["post-1068","page","type-page","status-publish","hentry"],"acf":[],"_links":{"self":[{"href":"https:\/\/beta.bruettelenbad.ch\/ed\/wp-json\/wp\/v2\/pages\/1068","targetHints":{"allow":["GET"]}}],"collection":[{"href":"https:\/\/beta.bruettelenbad.ch\/ed\/wp-json\/wp\/v2\/pages"}],"about":[{"href":"https:\/\/beta.bruettelenbad.ch\/ed\/wp-json\/wp\/v2\/types\/page"}],"author":[{"embeddable":true,"href":"https:\/\/beta.bruettelenbad.ch\/ed\/wp-json\/wp\/v2\/users\/8"}],"replies":[{"embeddable":true,"href":"https:\/\/beta.bruettelenbad.ch\/ed\/wp-json\/wp\/v2\/comments?post=1068"}],"version-history":[{"count":3,"href":"https:\/\/beta.bruettelenbad.ch\/ed\/wp-json\/wp\/v2\/pages\/1068\/revisions"}],"predecessor-version":[{"id":6088,"href":"https:\/\/beta.bruettelenbad.ch\/ed\/wp-json\/wp\/v2\/pages\/1068\/revisions\/6088"}],"up":[{"embeddable":true,"href":"https:\/\/beta.bruettelenbad.ch\/ed\/wp-json\/wp\/v2\/pages\/259"}],"wp:attachment":[{"href":"https:\/\/beta.bruettelenbad.ch\/ed\/wp-json\/wp\/v2\/media?parent=1068"}],"curies":[{"name":"wp","href":"https:\/\/api.w.org\/{rel}","templated":true}]}}