{"id":1057,"date":"2017-10-24T17:00:01","date_gmt":"2017-10-24T15:00:01","guid":{"rendered":"https:\/\/www.bruettelenbad.ch\/bruettelenbad\/?page_id=1057"},"modified":"2023-02-08T14:51:29","modified_gmt":"2023-02-08T13:51:29","slug":"organisation","status":"publish","type":"page","link":"https:\/\/beta.bruettelenbad.ch\/ed\/organisation\/","title":{"rendered":"Organi\u00b7sation vom Br\u00fcttelen\u00b7bad"},"content":{"rendered":"<p class=\"qtranxs-available-languages-message qtranxs-available-languages-message-ed\">Diesen Eintrag gibt es nur in normaler Sprache.<\/p><p>Br\u00fcttelenbad \u2013 gut aufgestellt f\u00fcr einen lebendigen Alltag.<\/p>\n<p><strong>Wohngruppen.<br \/>\n<\/strong>Die Stiftung Br\u00fcttelenbad bietet 50 Menschen mit kognitiven und mehrfach Beeintr\u00e4chtigungen einen Lebensraum an. Sie wohnen in sechs Wohngruppen auf dem Gel\u00e4nde der Stiftung und drei Aussenwohngruppen in Br\u00fcttelen und Ins.<\/p>\n<p><strong>Ateliers<br \/>\n<\/strong>Der Atelierbereich bietet in verschiedenen Arbeits- und Besch\u00e4ftigungsgruppen Platz f\u00fcr die 50 Bewohnerinnen und Bewohner sowie f\u00fcr 12 externe Klienten.<\/p>\n<p><strong>Pflegedienst im Haus.<br \/>\n<\/strong>F\u00fcr die interne Koordination der medizinischen T\u00e4tigkeiten setzt sich der Pflegedienst ein. Er ist die verbindende Instanz zum externen Heimarzt und zu weiteren medizinischen und paramedizinischen Fachpersonen.<\/p>\n<p><strong>Verpflegung.<br \/>\n<\/strong>Die Verpflegung stammt von Montag bis Freitag aus der zentralen K\u00fcche, in der auch Klientinnen und Klienten mitarbeiten. An den Wochenenden wird auf den Wohngruppen gekocht.<\/p>\n<p><strong>Lingerie, Reinigung und technischer Dienst.<br \/>\n<\/strong>Die Lingerie w\u00e4scht, b\u00fcgelt und flickt die pers\u00f6nliche W\u00e4sche der Bewohnerinnen und Bewohner sowie die Hausw\u00e4sche. Der Reinigungsdienst unterst\u00fctz die Wohngruppen und ist zust\u00e4ndig f\u00fcr die Reinigung der allgemeinen R\u00e4ume. Der Unterhalt der Geb\u00e4ude, des Mobiliars und der Fahrzeuge sowie die Wartung der technischen Einrichtungen sind Aufgaben des technischen Dienstes. In allen Bereichen sind auch Klientinnen und Klienten t\u00e4tig.<\/p>\n<p><strong>Administration.<br \/>\n<\/strong>Die Mitarbeitenden besorgen die Personal- und Klientenadministration sowie Finanz- und Lohnbuchhaltung und erledigen allgemeine Sekretariatsaufgaben.<\/p>","protected":false},"excerpt":{"rendered":"<p>Diesen Eintrag gibt es nur in normaler Sprache.Br\u00fcttelenbad \u2013 gut aufgestellt f\u00fcr einen lebendigen Alltag. Wohngruppen. Die Stiftung Br\u00fcttelenbad bietet 50 Menschen mit kognitiven und mehrfach Beeintr\u00e4chtigungen einen Lebensraum an. Sie wohnen in sechs Wohngruppen auf dem Gel\u00e4nde der Stiftung und drei Aussenwohngruppen in Br\u00fcttelen und Ins. Ateliers Der Atelierbereich bietet in verschiedenen Arbeits- und [&hellip;]<\/p>\n","protected":false},"author":8,"featured_media":0,"parent":0,"menu_order":0,"comment_status":"closed","ping_status":"closed","template":"page-templates\/page-blocks.php","meta":{"footnotes":""},"class_list":["post-1057","page","type-page","status-publish","hentry"],"acf":[],"_links":{"self":[{"href":"https:\/\/beta.bruettelenbad.ch\/ed\/wp-json\/wp\/v2\/pages\/1057","targetHints":{"allow":["GET"]}}],"collection":[{"href":"https:\/\/beta.bruettelenbad.ch\/ed\/wp-json\/wp\/v2\/pages"}],"about":[{"href":"https:\/\/beta.bruettelenbad.ch\/ed\/wp-json\/wp\/v2\/types\/page"}],"author":[{"embeddable":true,"href":"https:\/\/beta.bruettelenbad.ch\/ed\/wp-json\/wp\/v2\/users\/8"}],"replies":[{"embeddable":true,"href":"https:\/\/beta.bruettelenbad.ch\/ed\/wp-json\/wp\/v2\/comments?post=1057"}],"version-history":[{"count":3,"href":"https:\/\/beta.bruettelenbad.ch\/ed\/wp-json\/wp\/v2\/pages\/1057\/revisions"}],"predecessor-version":[{"id":4440,"href":"https:\/\/beta.bruettelenbad.ch\/ed\/wp-json\/wp\/v2\/pages\/1057\/revisions\/4440"}],"wp:attachment":[{"href":"https:\/\/beta.bruettelenbad.ch\/ed\/wp-json\/wp\/v2\/media?parent=1057"}],"curies":[{"name":"wp","href":"https:\/\/api.w.org\/{rel}","templated":true}]}}