{"id":1030,"date":"2017-10-19T17:31:27","date_gmt":"2017-10-19T15:31:27","guid":{"rendered":"https:\/\/www.bruettelenbad.ch\/bruettelenbad\/?page_id=1030"},"modified":"2023-10-23T11:41:10","modified_gmt":"2023-10-23T09:41:10","slug":"geschaeftsleitung","status":"publish","type":"page","link":"https:\/\/beta.bruettelenbad.ch\/ed\/organisation\/geschaeftsleitung\/","title":{"rendered":"Gesch\u00e4fts\u00b7leitung"},"content":{"rendered":"<p class=\"qtranxs-available-languages-message qtranxs-available-languages-message-ed\">Diesen Eintrag gibt es nur in normaler Sprache.<\/p><p>Die Gesch\u00e4ftsleitung ist mit der operativen F\u00fchrung des Br\u00fcttelenbads betraut. Zusammen mit den Bereichsleitungen Wohnen, Ateliers und Hauswirtschaft ist die Institutionsleitung verantwortlich f\u00fcr die Umsetzung der strategischen Ziele der Stiftung.<\/p>\n<p><strong>Katharina Detrek\u00f6y, Institutionsleitung<\/strong><br \/>\n<a href=\"&#x6d;&#x61;&#105;&#108;to&#x3a;&#x4b;&#x61;&#116;ha&#x72;&#x69;&#x6e;&#97;&#46;D&#x65;&#x74;&#x72;&#101;&#107;o&#x65;&#x79;&#x40;&#98;&#114;ue&#x74;&#x74;&#x65;&#108;en&#x62;&#x61;&#x64;&#46;&#99;h\">Katharina.Detrek\u00f6y(at)bruettelenbad.ch<\/a><br \/>\nTelefon: 032 321 38 01<\/p>\n<p><strong>Urs Leuenberger, Bereichsleitung Hauswirtschaft<\/strong><br \/>\n<a href=\"&#109;&#x61;&#105;&#x6c;&#116;&#x6f;&#58;&#x55;r&#x73;&#46;&#x4c;e&#x75;e&#110;&#x62;&#101;&#x72;&#103;&#x65;&#114;&#x40;&#98;&#x72;u&#x65;t&#x74;e&#x6c;e&#110;&#x62;&#97;&#x64;&#46;&#x63;&#104;\">Urs.Leuenberger(at)bruettelenbad.ch<\/a><br \/>\nTelefon: 032 321 38 04<\/p>\n<p><strong>Myriam Siegenthaler, Bereichsleitung Wohnen<\/strong><br \/>\n<a href=\"mailto:M&#121;&#114;&#105;&#97;&#109;&#46;&#83;&#105;&#101;&#103;&#x65;&#x6e;&#x74;&#x68;&#x61;&#x6c;&#x65;&#x72;&#x40;&#x62;&#x72;&#x75;&#x65;&#x74;&#x74;elenbad&#46;&#99;&#104;\">Myriam.Siegenthaler(at)bruettelenbad.ch<\/a><br \/>\nTelefon: 032 321 38 03<\/p>\n<p><strong>J\u00e1nos Gazdag, Bereichsleitung Ateliers<\/strong><br \/>\n<a href=\"mai&#108;&#116;&#111;&#58;&#x4a;&#x61;&#x6e;&#x6f;&#x73;&#x2e;&#x47;azd&#97;&#103;&#64;&#98;&#114;&#x75;&#x65;&#x74;&#x74;&#x65;&#x6c;enba&#100;&#46;&#99;&#104;\">Janos.Gazdag(at)bruettelenbad.ch<\/a><br \/>\nTelefon: 032 321 38 02<\/p>","protected":false},"excerpt":{"rendered":"<p>Diesen Eintrag gibt es nur in normaler Sprache.Die Gesch\u00e4ftsleitung ist mit der operativen F\u00fchrung des Br\u00fcttelenbads betraut. Zusammen mit den Bereichsleitungen Wohnen, Ateliers und Hauswirtschaft ist die Institutionsleitung verantwortlich f\u00fcr die Umsetzung der strategischen Ziele der Stiftung. Katharina Detrek\u00f6y, Institutionsleitung Katharina.Detrek\u00f6y(at)bruettelenbad.ch Telefon: 032 321 38 01 Urs Leuenberger, Bereichsleitung Hauswirtschaft Urs.Leuenberger(at)bruettelenbad.ch Telefon: 032 321 38 [&hellip;]<\/p>\n","protected":false},"author":8,"featured_media":0,"parent":1057,"menu_order":0,"comment_status":"closed","ping_status":"closed","template":"page-templates\/page-blocks.php","meta":{"footnotes":""},"class_list":["post-1030","page","type-page","status-publish","hentry"],"acf":[],"_links":{"self":[{"href":"https:\/\/beta.bruettelenbad.ch\/ed\/wp-json\/wp\/v2\/pages\/1030","targetHints":{"allow":["GET"]}}],"collection":[{"href":"https:\/\/beta.bruettelenbad.ch\/ed\/wp-json\/wp\/v2\/pages"}],"about":[{"href":"https:\/\/beta.bruettelenbad.ch\/ed\/wp-json\/wp\/v2\/types\/page"}],"author":[{"embeddable":true,"href":"https:\/\/beta.bruettelenbad.ch\/ed\/wp-json\/wp\/v2\/users\/8"}],"replies":[{"embeddable":true,"href":"https:\/\/beta.bruettelenbad.ch\/ed\/wp-json\/wp\/v2\/comments?post=1030"}],"version-history":[{"count":5,"href":"https:\/\/beta.bruettelenbad.ch\/ed\/wp-json\/wp\/v2\/pages\/1030\/revisions"}],"predecessor-version":[{"id":6345,"href":"https:\/\/beta.bruettelenbad.ch\/ed\/wp-json\/wp\/v2\/pages\/1030\/revisions\/6345"}],"up":[{"embeddable":true,"href":"https:\/\/beta.bruettelenbad.ch\/ed\/wp-json\/wp\/v2\/pages\/1057"}],"wp:attachment":[{"href":"https:\/\/beta.bruettelenbad.ch\/ed\/wp-json\/wp\/v2\/media?parent=1030"}],"curies":[{"name":"wp","href":"https:\/\/api.w.org\/{rel}","templated":true}]}}