{"id":1006,"date":"2017-10-19T16:11:51","date_gmt":"2017-10-19T14:11:51","guid":{"rendered":"https:\/\/www.bruettelenbad.ch\/bruettelenbad\/?page_id=1006"},"modified":"2023-10-23T11:38:54","modified_gmt":"2023-10-23T09:38:54","slug":"produkte","status":"publish","type":"page","link":"https:\/\/beta.bruettelenbad.ch\/ed\/arbeit\/produkte-neu\/produkte\/","title":{"rendered":"Weberei"},"content":{"rendered":"<p class=\"qtranxs-available-languages-message qtranxs-available-languages-message-ed\">Diesen Eintrag gibt es nur in normaler Sprache.<\/p><p>Unsere Bewohnerinnen und Bewohner stellen in den Ateliers eine bunte Vielfalt von sch\u00f6nen Produkten her. Wir verkaufen diese vorwiegend an Marktst\u00e4nden oder \u00fcber unsere Partnergesch\u00e4fte.<\/p>\n<p>Gerne nehmen wir aber auch Ihre Direktbestellung per E-Mail entgegen. Oder haben Sie einen speziellen Wunsch? Teilen Sie ihn uns mit \u2013 wenn immer m\u00f6glich erf\u00fcllen wir ihn!<\/p>\n<p><a href=\"https:\/\/www.bruettelenbad.ch\/bruettelenbad\/produkte-ateliers\/\"><strong>Produkte ansehen. <\/strong><\/a><\/p>\n<p>Produkte bestellen.<\/p>\n<p><strong>Hier geht es zum Download der Adressliste nach Produkten geordnet:<br \/>\n<\/strong>(Link: Adressen Ateliers und Produkte.pdf)<\/p>","protected":false},"excerpt":{"rendered":"<p>Diesen Eintrag gibt es nur in normaler Sprache.Unsere Bewohnerinnen und Bewohner stellen in den Ateliers eine bunte Vielfalt von sch\u00f6nen Produkten her. Wir verkaufen diese vorwiegend an Marktst\u00e4nden oder \u00fcber unsere Partnergesch\u00e4fte. Gerne nehmen wir aber auch Ihre Direktbestellung per E-Mail entgegen. Oder haben Sie einen speziellen Wunsch? Teilen Sie ihn uns mit \u2013 wenn [&hellip;]<\/p>\n","protected":false},"author":8,"featured_media":0,"parent":5072,"menu_order":2,"comment_status":"closed","ping_status":"closed","template":"page-templates\/page-blocks.php","meta":{"footnotes":""},"class_list":["post-1006","page","type-page","status-publish","hentry"],"acf":[],"_links":{"self":[{"href":"https:\/\/beta.bruettelenbad.ch\/ed\/wp-json\/wp\/v2\/pages\/1006","targetHints":{"allow":["GET"]}}],"collection":[{"href":"https:\/\/beta.bruettelenbad.ch\/ed\/wp-json\/wp\/v2\/pages"}],"about":[{"href":"https:\/\/beta.bruettelenbad.ch\/ed\/wp-json\/wp\/v2\/types\/page"}],"author":[{"embeddable":true,"href":"https:\/\/beta.bruettelenbad.ch\/ed\/wp-json\/wp\/v2\/users\/8"}],"replies":[{"embeddable":true,"href":"https:\/\/beta.bruettelenbad.ch\/ed\/wp-json\/wp\/v2\/comments?post=1006"}],"version-history":[{"count":3,"href":"https:\/\/beta.bruettelenbad.ch\/ed\/wp-json\/wp\/v2\/pages\/1006\/revisions"}],"predecessor-version":[{"id":6344,"href":"https:\/\/beta.bruettelenbad.ch\/ed\/wp-json\/wp\/v2\/pages\/1006\/revisions\/6344"}],"up":[{"embeddable":true,"href":"https:\/\/beta.bruettelenbad.ch\/ed\/wp-json\/wp\/v2\/pages\/5072"}],"wp:attachment":[{"href":"https:\/\/beta.bruettelenbad.ch\/ed\/wp-json\/wp\/v2\/media?parent=1006"}],"curies":[{"name":"wp","href":"https:\/\/api.w.org\/{rel}","templated":true}]}}