{"id":1002,"date":"2017-10-19T16:07:59","date_gmt":"2017-10-19T14:07:59","guid":{"rendered":"https:\/\/www.bruettelenbad.ch\/bruettelenbad\/?page_id=1002"},"modified":"2023-08-29T09:12:28","modified_gmt":"2023-08-29T07:12:28","slug":"weiterbildung","status":"publish","type":"page","link":"https:\/\/beta.bruettelenbad.ch\/ed\/arbeit\/weiterbildung\/","title":{"rendered":"Weiterbildung &#038; Selbsterfahrung"},"content":{"rendered":"<p class=\"qtranxs-available-languages-message qtranxs-available-languages-message-ed\">Diesen Eintrag gibt es nur in normaler Sprache.<\/p><p>Wir legen grossen Wert auf ein m\u00f6glichst vielf\u00e4ltiges Besch\u00e4ftigungsangebot, welches teilweise an den Schnittstellen zu den Wohngruppen und zur Freizeitgestaltung stattfindet. Dazu geh\u00f6ren die Turn und Badegruppe, Bewegungsangebote, Musik- und Rhythmikgruppe, Chorsingen sowie Maltherapie. In den Weiterbildungsgruppen besch\u00e4ftigen sich die Klienten mit der Nutzung der neuen Medien (Tablet-Computer und Smartphones), mit Kunst- und Kulturthemen sowie mit Mensch- und Umweltthemen.<\/p>\n<p><img loading=\"lazy\" decoding=\"async\" class=\"alignnone size-full wp-image-550\" src=\"https:\/\/www.bruettelenbad.ch\/bruettelenbad\/wp-content\/uploads\/2017\/01\/weiterbildung1.png\" alt=\"\" width=\"640\" height=\"425\" \/><\/p>\n<p><img loading=\"lazy\" decoding=\"async\" class=\"alignnone size-large wp-image-551\" src=\"https:\/\/www.bruettelenbad.ch\/bruettelenbad\/wp-content\/uploads\/2017\/01\/Turnen1.png\" alt=\"\" width=\"640\" height=\"427\" \/><\/p>\n<p><img loading=\"lazy\" decoding=\"async\" class=\"alignnone size-large wp-image-554\" src=\"https:\/\/www.bruettelenbad.ch\/bruettelenbad\/wp-content\/uploads\/2017\/01\/musik2.png\" alt=\"\" width=\"640\" height=\"425\" \/><\/p>","protected":false},"excerpt":{"rendered":"<p>Diesen Eintrag gibt es nur in normaler Sprache.Wir legen grossen Wert auf ein m\u00f6glichst vielf\u00e4ltiges Besch\u00e4ftigungsangebot, welches teilweise an den Schnittstellen zu den Wohngruppen und zur Freizeitgestaltung stattfindet. Dazu geh\u00f6ren die Turn und Badegruppe, Bewegungsangebote, Musik- und Rhythmikgruppe, Chorsingen sowie Maltherapie. In den Weiterbildungsgruppen besch\u00e4ftigen sich die Klienten mit der Nutzung der neuen Medien (Tablet-Computer [&hellip;]<\/p>\n","protected":false},"author":8,"featured_media":0,"parent":4766,"menu_order":0,"comment_status":"closed","ping_status":"closed","template":"page-templates\/page-blocks.php","meta":{"footnotes":""},"class_list":["post-1002","page","type-page","status-publish","hentry"],"acf":[],"_links":{"self":[{"href":"https:\/\/beta.bruettelenbad.ch\/ed\/wp-json\/wp\/v2\/pages\/1002","targetHints":{"allow":["GET"]}}],"collection":[{"href":"https:\/\/beta.bruettelenbad.ch\/ed\/wp-json\/wp\/v2\/pages"}],"about":[{"href":"https:\/\/beta.bruettelenbad.ch\/ed\/wp-json\/wp\/v2\/types\/page"}],"author":[{"embeddable":true,"href":"https:\/\/beta.bruettelenbad.ch\/ed\/wp-json\/wp\/v2\/users\/8"}],"replies":[{"embeddable":true,"href":"https:\/\/beta.bruettelenbad.ch\/ed\/wp-json\/wp\/v2\/comments?post=1002"}],"version-history":[{"count":3,"href":"https:\/\/beta.bruettelenbad.ch\/ed\/wp-json\/wp\/v2\/pages\/1002\/revisions"}],"predecessor-version":[{"id":6304,"href":"https:\/\/beta.bruettelenbad.ch\/ed\/wp-json\/wp\/v2\/pages\/1002\/revisions\/6304"}],"up":[{"embeddable":true,"href":"https:\/\/beta.bruettelenbad.ch\/ed\/wp-json\/wp\/v2\/pages\/4766"}],"wp:attachment":[{"href":"https:\/\/beta.bruettelenbad.ch\/ed\/wp-json\/wp\/v2\/media?parent=1002"}],"curies":[{"name":"wp","href":"https:\/\/api.w.org\/{rel}","templated":true}]}}